{"id":11091,"date":"2019-09-11T12:34:47","date_gmt":"2019-09-11T12:34:47","guid":{"rendered":"https:\/\/www.amvyx.gr\/?post_type=product&#038;p=11091"},"modified":"2019-09-11T12:34:47","modified_gmt":"2019-09-11T12:34:47","slug":"the-chita-single-grain-whisky","status":"publish","type":"product","link":"https:\/\/www.amvyx.gr\/en\/product\/the-chita-single-grain-whisky\/","title":{"rendered":"The Chita Single Grain Whisky"},"content":{"rendered":"<p>In 1972, on the shores of Chita Peninshula , Keizo Saji\u2014Suntory\u2019s second Master Blender\u2014built a distillery dedicated to creating the highest quality Japanese grain whisky.<\/p>\r\n<p>With versatile flavours and exquite balance, Chita grain whiskies have traditionally been used as the \u201cdashi\u201d or broth that enhances the harmony of Suntory blends. Through continuous research and innovation, Chita\u2019s grain whiskies have achieved an unrivaled sophistication and a level of complexity that lets them finally take<br \/>center stage.<br \/>Continuing 40 years of excellence in distilling Japanese grain whiskies, the House of Suntory Whisky\u2019s Master Blenders have created an outstanding single grain whisky.<\/p>\r\n<p>TASTING NOTES<br \/>COLOUR : Bright gold<br \/>NOSE : Cr\u00e8me br\u00fbl\u00e9e, cardamom, acacia honey, blossoming rose<br \/>PALATE : Mild and smooth, hint of mint, deep honey<br \/>FINISH : Clean and clear, spiced oak with subtle bittersweet notes<\/p>\r\n<p>To fully appreciate the serene character of The Chita Single Grain Whisky, with its smoothness, mildness and distinctively versatile flavour profile, we recommend enjoying it neat or on the rocks.<\/p>","protected":false},"featured_media":11086,"template":"","product-categories":[175],"acf":[],"yoast_head":"<!-- This site is optimized with the Yoast SEO plugin v22.9 - https:\/\/yoast.com\/wordpress\/plugins\/seo\/ -->\n<title>The Chita Single Grain Whisky - Amvyx<\/title>\n<meta name=\"robots\" content=\"index, follow, max-snippet:-1, max-image-preview:large, max-video-preview:-1\" \/>\n<link rel=\"canonical\" href=\"https:\/\/www.amvyx.gr\/en\/product\/the-chita-single-grain-whisky\/\" \/>\n<meta property=\"og:locale\" content=\"en_US\" \/>\n<meta property=\"og:type\" content=\"article\" \/>\n<meta property=\"og:title\" content=\"The Chita Single Grain Whisky - Amvyx\" \/>\n<meta property=\"og:description\" content=\"In 1972, on the shores of Chita Peninshula , Keizo Saji\u2014Suntory\u2019s second Master Blender\u2014built a distillery dedicated to creating the highest quality Japanese grain whisky. With versatile flavours and exquite balance, Chita grain whiskies have traditionally been used as the \u201cdashi\u201d or broth that enhances the harmony of Suntory blends. Through continuous research and innovation, [&hellip;]\" \/>\n<meta property=\"og:url\" content=\"https:\/\/www.amvyx.gr\/en\/product\/the-chita-single-grain-whisky\/\" \/>\n<meta property=\"og:site_name\" content=\"Amvyx\" \/>\n<meta property=\"og:image\" content=\"https:\/\/www.amvyx.gr\/wp-content\/uploads\/Chita-70cl-JPG.jpg\" \/>\n\t<meta property=\"og:image:width\" content=\"310\" \/>\n\t<meta property=\"og:image:height\" content=\"375\" \/>\n\t<meta property=\"og:image:type\" content=\"image\/jpeg\" \/>\n<meta name=\"twitter:card\" content=\"summary_large_image\" \/>\n<meta name=\"twitter:label1\" content=\"Est. reading time\" \/>\n\t<meta name=\"twitter:data1\" content=\"1 minute\" \/>\n<script type=\"application\/ld+json\" class=\"yoast-schema-graph\">{\"@context\":\"https:\/\/schema.org\",\"@graph\":[{\"@type\":\"WebPage\",\"@id\":\"https:\/\/www.amvyx.gr\/en\/product\/the-chita-single-grain-whisky\/\",\"url\":\"https:\/\/www.amvyx.gr\/en\/product\/the-chita-single-grain-whisky\/\",\"name\":\"The Chita Single Grain Whisky - Amvyx\",\"isPartOf\":{\"@id\":\"http:\/\/www.amvyx.gr\/#website\"},\"primaryImageOfPage\":{\"@id\":\"https:\/\/www.amvyx.gr\/en\/product\/the-chita-single-grain-whisky\/#primaryimage\"},\"image\":{\"@id\":\"https:\/\/www.amvyx.gr\/en\/product\/the-chita-single-grain-whisky\/#primaryimage\"},\"thumbnailUrl\":\"https:\/\/www.amvyx.gr\/wp-content\/uploads\/Chita-70cl-JPG.jpg\",\"datePublished\":\"2019-09-11T12:34:47+00:00\",\"dateModified\":\"2019-09-11T12:34:47+00:00\",\"breadcrumb\":{\"@id\":\"https:\/\/www.amvyx.gr\/en\/product\/the-chita-single-grain-whisky\/#breadcrumb\"},\"inLanguage\":\"en-US\",\"potentialAction\":[{\"@type\":\"ReadAction\",\"target\":[\"https:\/\/www.amvyx.gr\/en\/product\/the-chita-single-grain-whisky\/\"]}]},{\"@type\":\"ImageObject\",\"inLanguage\":\"en-US\",\"@id\":\"https:\/\/www.amvyx.gr\/en\/product\/the-chita-single-grain-whisky\/#primaryimage\",\"url\":\"https:\/\/www.amvyx.gr\/wp-content\/uploads\/Chita-70cl-JPG.jpg\",\"contentUrl\":\"https:\/\/www.amvyx.gr\/wp-content\/uploads\/Chita-70cl-JPG.jpg\",\"width\":310,\"height\":375},{\"@type\":\"BreadcrumbList\",\"@id\":\"https:\/\/www.amvyx.gr\/en\/product\/the-chita-single-grain-whisky\/#breadcrumb\",\"itemListElement\":[{\"@type\":\"ListItem\",\"position\":1,\"name\":\"HOME\",\"item\":\"http:\/\/www.amvyx.gr\/en\/\"},{\"@type\":\"ListItem\",\"position\":2,\"name\":\"PRODUCTS\",\"item\":\"http:\/\/www.amvyx.gr\/en\/product\/\"},{\"@type\":\"ListItem\",\"position\":3,\"name\":\"WHISKY\",\"item\":\"http:\/\/www.amvyx.gr\/en\/product-categories\/whisky-2\/\"},{\"@type\":\"ListItem\",\"position\":4,\"name\":\"THE CHITA SINGLE GRAIN WHISKY\"}]},{\"@type\":\"WebSite\",\"@id\":\"http:\/\/www.amvyx.gr\/#website\",\"url\":\"http:\/\/www.amvyx.gr\/\",\"name\":\"Amvyx\",\"description\":\"\",\"potentialAction\":[{\"@type\":\"SearchAction\",\"target\":{\"@type\":\"EntryPoint\",\"urlTemplate\":\"http:\/\/www.amvyx.gr\/?s={search_term_string}\"},\"query-input\":\"required name=search_term_string\"}],\"inLanguage\":\"en-US\"}]}<\/script>\n<!-- \/ Yoast SEO plugin. -->","yoast_head_json":{"title":"The Chita Single Grain Whisky - Amvyx","robots":{"index":"index","follow":"follow","max-snippet":"max-snippet:-1","max-image-preview":"max-image-preview:large","max-video-preview":"max-video-preview:-1"},"canonical":"https:\/\/www.amvyx.gr\/en\/product\/the-chita-single-grain-whisky\/","og_locale":"en_US","og_type":"article","og_title":"The Chita Single Grain Whisky - Amvyx","og_description":"In 1972, on the shores of Chita Peninshula , Keizo Saji\u2014Suntory\u2019s second Master Blender\u2014built a distillery dedicated to creating the highest quality Japanese grain whisky. With versatile flavours and exquite balance, Chita grain whiskies have traditionally been used as the \u201cdashi\u201d or broth that enhances the harmony of Suntory blends. Through continuous research and innovation, [&hellip;]","og_url":"https:\/\/www.amvyx.gr\/en\/product\/the-chita-single-grain-whisky\/","og_site_name":"Amvyx","og_image":[{"width":310,"height":375,"url":"https:\/\/www.amvyx.gr\/wp-content\/uploads\/Chita-70cl-JPG.jpg","type":"image\/jpeg"}],"twitter_card":"summary_large_image","twitter_misc":{"Est. reading time":"1 minute"},"schema":{"@context":"https:\/\/schema.org","@graph":[{"@type":"WebPage","@id":"https:\/\/www.amvyx.gr\/en\/product\/the-chita-single-grain-whisky\/","url":"https:\/\/www.amvyx.gr\/en\/product\/the-chita-single-grain-whisky\/","name":"The Chita Single Grain Whisky - Amvyx","isPartOf":{"@id":"http:\/\/www.amvyx.gr\/#website"},"primaryImageOfPage":{"@id":"https:\/\/www.amvyx.gr\/en\/product\/the-chita-single-grain-whisky\/#primaryimage"},"image":{"@id":"https:\/\/www.amvyx.gr\/en\/product\/the-chita-single-grain-whisky\/#primaryimage"},"thumbnailUrl":"https:\/\/www.amvyx.gr\/wp-content\/uploads\/Chita-70cl-JPG.jpg","datePublished":"2019-09-11T12:34:47+00:00","dateModified":"2019-09-11T12:34:47+00:00","breadcrumb":{"@id":"https:\/\/www.amvyx.gr\/en\/product\/the-chita-single-grain-whisky\/#breadcrumb"},"inLanguage":"en-US","potentialAction":[{"@type":"ReadAction","target":["https:\/\/www.amvyx.gr\/en\/product\/the-chita-single-grain-whisky\/"]}]},{"@type":"ImageObject","inLanguage":"en-US","@id":"https:\/\/www.amvyx.gr\/en\/product\/the-chita-single-grain-whisky\/#primaryimage","url":"https:\/\/www.amvyx.gr\/wp-content\/uploads\/Chita-70cl-JPG.jpg","contentUrl":"https:\/\/www.amvyx.gr\/wp-content\/uploads\/Chita-70cl-JPG.jpg","width":310,"height":375},{"@type":"BreadcrumbList","@id":"https:\/\/www.amvyx.gr\/en\/product\/the-chita-single-grain-whisky\/#breadcrumb","itemListElement":[{"@type":"ListItem","position":1,"name":"HOME","item":"http:\/\/www.amvyx.gr\/en\/"},{"@type":"ListItem","position":2,"name":"PRODUCTS","item":"http:\/\/www.amvyx.gr\/en\/product\/"},{"@type":"ListItem","position":3,"name":"WHISKY","item":"http:\/\/www.amvyx.gr\/en\/product-categories\/whisky-2\/"},{"@type":"ListItem","position":4,"name":"THE CHITA SINGLE GRAIN WHISKY"}]},{"@type":"WebSite","@id":"http:\/\/www.amvyx.gr\/#website","url":"http:\/\/www.amvyx.gr\/","name":"Amvyx","description":"","potentialAction":[{"@type":"SearchAction","target":{"@type":"EntryPoint","urlTemplate":"http:\/\/www.amvyx.gr\/?s={search_term_string}"},"query-input":"required name=search_term_string"}],"inLanguage":"en-US"}]}},"_links":{"self":[{"href":"https:\/\/www.amvyx.gr\/en\/wp-json\/wp\/v2\/product\/11091"}],"collection":[{"href":"https:\/\/www.amvyx.gr\/en\/wp-json\/wp\/v2\/product"}],"about":[{"href":"https:\/\/www.amvyx.gr\/en\/wp-json\/wp\/v2\/types\/product"}],"wp:featuredmedia":[{"embeddable":true,"href":"https:\/\/www.amvyx.gr\/en\/wp-json\/wp\/v2\/media\/11086"}],"wp:attachment":[{"href":"https:\/\/www.amvyx.gr\/en\/wp-json\/wp\/v2\/media?parent=11091"}],"wp:term":[{"taxonomy":"product-categories","embeddable":true,"href":"https:\/\/www.amvyx.gr\/en\/wp-json\/wp\/v2\/product-categories?post=11091"}],"curies":[{"name":"wp","href":"https:\/\/api.w.org\/{rel}","templated":true}]}}