{"id":16135,"date":"2021-07-19T09:04:08","date_gmt":"2021-07-19T09:04:08","guid":{"rendered":"https:\/\/www.amvyx.gr\/product\/volcan-cristallino\/"},"modified":"2021-07-19T09:06:54","modified_gmt":"2021-07-19T09:06:54","slug":"volcan-cristallino","status":"publish","type":"product","link":"https:\/\/www.amvyx.gr\/en\/product\/volcan-cristallino\/","title":{"rendered":"VOLCAN CRISTALLINO"},"content":{"rendered":"<p>Volc\u00e1n De Mi Tierra A\u00f1ejo Cristalino is an aged craft tequila made with 100% Blue Weber agave. It blends a\u00f1ejo and extra-a\u00f1ejo tequila from which the colour and wood flavour have been removed to highlight the intensity and aromatic character of the agave.<br \/>\r\nIts complexity lies in the blending of carefully selected blue agave from both the Highlands (Los Altos) and the Lowlands (El Valle) of Mexico. The Lowlands, in the shadow of the volcano, bring the earthy, spicy and herbaceous notes while the Highlands contribute a more rounded, fruity and floral flavour.<br \/>\r\nBy using a new technique of charcoal filtration to remove the colour, Cristalino becomes a clear liquid with an unparalleled complexity of aromas and taste.<br \/>\r\n<strong>Taste Experience:<\/strong><br \/>\r\nVolc\u00e1n De Mi Tierra A\u00f1ejo Cristalino creates an explosion in both nose and mouth with a burst of different aromas that nevertheless blend perfectly together, including candied fruit, vanilla, cocoa, tobacco and caramel. Served neat or on ice. <br \/>\r\nAlcohol content: 40% ABV<\/p>","protected":false},"featured_media":21178,"template":"","product-categories":[171],"acf":[],"yoast_head":"<!-- This site is optimized with the Yoast SEO plugin v22.9 - https:\/\/yoast.com\/wordpress\/plugins\/seo\/ -->\n<title>VOLCAN CRISTALLINO - Amvyx<\/title>\n<meta name=\"robots\" content=\"index, follow, max-snippet:-1, max-image-preview:large, max-video-preview:-1\" \/>\n<link rel=\"canonical\" href=\"https:\/\/www.amvyx.gr\/en\/product\/volcan-cristallino\/\" \/>\n<meta property=\"og:locale\" content=\"en_US\" \/>\n<meta property=\"og:type\" content=\"article\" \/>\n<meta property=\"og:title\" content=\"VOLCAN CRISTALLINO - Amvyx\" \/>\n<meta property=\"og:description\" content=\"Volc\u00e1n De Mi Tierra A\u00f1ejo Cristalino is an aged craft tequila made with 100% Blue Weber agave. It blends a\u00f1ejo and extra-a\u00f1ejo tequila from which the colour and wood flavour have been removed to highlight the intensity and aromatic character of the agave. Its complexity lies in the blending of carefully selected blue agave from [&hellip;]\" \/>\n<meta property=\"og:url\" content=\"https:\/\/www.amvyx.gr\/en\/product\/volcan-cristallino\/\" \/>\n<meta property=\"og:site_name\" content=\"Amvyx\" \/>\n<meta property=\"article:modified_time\" content=\"2021-07-19T09:06:54+00:00\" \/>\n<meta property=\"og:image\" content=\"https:\/\/www.amvyx.gr\/wp-content\/uploads\/VOLCAN-CRISTALINO-SMALL.jpg\" \/>\n\t<meta property=\"og:image:width\" content=\"310\" \/>\n\t<meta property=\"og:image:height\" content=\"375\" \/>\n\t<meta property=\"og:image:type\" content=\"image\/jpeg\" \/>\n<meta name=\"twitter:card\" content=\"summary_large_image\" \/>\n<meta name=\"twitter:label1\" content=\"Est. reading time\" \/>\n\t<meta name=\"twitter:data1\" content=\"1 minute\" \/>\n<script type=\"application\/ld+json\" class=\"yoast-schema-graph\">{\"@context\":\"https:\/\/schema.org\",\"@graph\":[{\"@type\":\"WebPage\",\"@id\":\"https:\/\/www.amvyx.gr\/en\/product\/volcan-cristallino\/\",\"url\":\"https:\/\/www.amvyx.gr\/en\/product\/volcan-cristallino\/\",\"name\":\"VOLCAN CRISTALLINO - Amvyx\",\"isPartOf\":{\"@id\":\"http:\/\/www.amvyx.gr\/#website\"},\"primaryImageOfPage\":{\"@id\":\"https:\/\/www.amvyx.gr\/en\/product\/volcan-cristallino\/#primaryimage\"},\"image\":{\"@id\":\"https:\/\/www.amvyx.gr\/en\/product\/volcan-cristallino\/#primaryimage\"},\"thumbnailUrl\":\"https:\/\/www.amvyx.gr\/wp-content\/uploads\/VOLCAN-CRISTALINO-SMALL.jpg\",\"datePublished\":\"2021-07-19T09:04:08+00:00\",\"dateModified\":\"2021-07-19T09:06:54+00:00\",\"breadcrumb\":{\"@id\":\"https:\/\/www.amvyx.gr\/en\/product\/volcan-cristallino\/#breadcrumb\"},\"inLanguage\":\"en-US\",\"potentialAction\":[{\"@type\":\"ReadAction\",\"target\":[\"https:\/\/www.amvyx.gr\/en\/product\/volcan-cristallino\/\"]}]},{\"@type\":\"ImageObject\",\"inLanguage\":\"en-US\",\"@id\":\"https:\/\/www.amvyx.gr\/en\/product\/volcan-cristallino\/#primaryimage\",\"url\":\"https:\/\/www.amvyx.gr\/wp-content\/uploads\/VOLCAN-CRISTALINO-SMALL.jpg\",\"contentUrl\":\"https:\/\/www.amvyx.gr\/wp-content\/uploads\/VOLCAN-CRISTALINO-SMALL.jpg\",\"width\":310,\"height\":375},{\"@type\":\"BreadcrumbList\",\"@id\":\"https:\/\/www.amvyx.gr\/en\/product\/volcan-cristallino\/#breadcrumb\",\"itemListElement\":[{\"@type\":\"ListItem\",\"position\":1,\"name\":\"HOME\",\"item\":\"http:\/\/www.amvyx.gr\/en\/\"},{\"@type\":\"ListItem\",\"position\":2,\"name\":\"PRODUCTS\",\"item\":\"http:\/\/www.amvyx.gr\/en\/product\/\"},{\"@type\":\"ListItem\",\"position\":3,\"name\":\"\u03a4\u0395\u039a\u0399\u039b\u0391\",\"item\":\"http:\/\/www.amvyx.gr\/product-categories\/tequila\/\"},{\"@type\":\"ListItem\",\"position\":4,\"name\":\"VOLCAN CRISTALLINO\"}]},{\"@type\":\"WebSite\",\"@id\":\"http:\/\/www.amvyx.gr\/#website\",\"url\":\"http:\/\/www.amvyx.gr\/\",\"name\":\"Amvyx\",\"description\":\"\",\"potentialAction\":[{\"@type\":\"SearchAction\",\"target\":{\"@type\":\"EntryPoint\",\"urlTemplate\":\"http:\/\/www.amvyx.gr\/?s={search_term_string}\"},\"query-input\":\"required name=search_term_string\"}],\"inLanguage\":\"en-US\"}]}<\/script>\n<!-- \/ Yoast SEO plugin. -->","yoast_head_json":{"title":"VOLCAN CRISTALLINO - Amvyx","robots":{"index":"index","follow":"follow","max-snippet":"max-snippet:-1","max-image-preview":"max-image-preview:large","max-video-preview":"max-video-preview:-1"},"canonical":"https:\/\/www.amvyx.gr\/en\/product\/volcan-cristallino\/","og_locale":"en_US","og_type":"article","og_title":"VOLCAN CRISTALLINO - Amvyx","og_description":"Volc\u00e1n De Mi Tierra A\u00f1ejo Cristalino is an aged craft tequila made with 100% Blue Weber agave. It blends a\u00f1ejo and extra-a\u00f1ejo tequila from which the colour and wood flavour have been removed to highlight the intensity and aromatic character of the agave. Its complexity lies in the blending of carefully selected blue agave from [&hellip;]","og_url":"https:\/\/www.amvyx.gr\/en\/product\/volcan-cristallino\/","og_site_name":"Amvyx","article_modified_time":"2021-07-19T09:06:54+00:00","og_image":[{"width":310,"height":375,"url":"https:\/\/www.amvyx.gr\/wp-content\/uploads\/VOLCAN-CRISTALINO-SMALL.jpg","type":"image\/jpeg"}],"twitter_card":"summary_large_image","twitter_misc":{"Est. reading time":"1 minute"},"schema":{"@context":"https:\/\/schema.org","@graph":[{"@type":"WebPage","@id":"https:\/\/www.amvyx.gr\/en\/product\/volcan-cristallino\/","url":"https:\/\/www.amvyx.gr\/en\/product\/volcan-cristallino\/","name":"VOLCAN CRISTALLINO - Amvyx","isPartOf":{"@id":"http:\/\/www.amvyx.gr\/#website"},"primaryImageOfPage":{"@id":"https:\/\/www.amvyx.gr\/en\/product\/volcan-cristallino\/#primaryimage"},"image":{"@id":"https:\/\/www.amvyx.gr\/en\/product\/volcan-cristallino\/#primaryimage"},"thumbnailUrl":"https:\/\/www.amvyx.gr\/wp-content\/uploads\/VOLCAN-CRISTALINO-SMALL.jpg","datePublished":"2021-07-19T09:04:08+00:00","dateModified":"2021-07-19T09:06:54+00:00","breadcrumb":{"@id":"https:\/\/www.amvyx.gr\/en\/product\/volcan-cristallino\/#breadcrumb"},"inLanguage":"en-US","potentialAction":[{"@type":"ReadAction","target":["https:\/\/www.amvyx.gr\/en\/product\/volcan-cristallino\/"]}]},{"@type":"ImageObject","inLanguage":"en-US","@id":"https:\/\/www.amvyx.gr\/en\/product\/volcan-cristallino\/#primaryimage","url":"https:\/\/www.amvyx.gr\/wp-content\/uploads\/VOLCAN-CRISTALINO-SMALL.jpg","contentUrl":"https:\/\/www.amvyx.gr\/wp-content\/uploads\/VOLCAN-CRISTALINO-SMALL.jpg","width":310,"height":375},{"@type":"BreadcrumbList","@id":"https:\/\/www.amvyx.gr\/en\/product\/volcan-cristallino\/#breadcrumb","itemListElement":[{"@type":"ListItem","position":1,"name":"HOME","item":"http:\/\/www.amvyx.gr\/en\/"},{"@type":"ListItem","position":2,"name":"PRODUCTS","item":"http:\/\/www.amvyx.gr\/en\/product\/"},{"@type":"ListItem","position":3,"name":"\u03a4\u0395\u039a\u0399\u039b\u0391","item":"http:\/\/www.amvyx.gr\/product-categories\/tequila\/"},{"@type":"ListItem","position":4,"name":"VOLCAN CRISTALLINO"}]},{"@type":"WebSite","@id":"http:\/\/www.amvyx.gr\/#website","url":"http:\/\/www.amvyx.gr\/","name":"Amvyx","description":"","potentialAction":[{"@type":"SearchAction","target":{"@type":"EntryPoint","urlTemplate":"http:\/\/www.amvyx.gr\/?s={search_term_string}"},"query-input":"required name=search_term_string"}],"inLanguage":"en-US"}]}},"_links":{"self":[{"href":"https:\/\/www.amvyx.gr\/en\/wp-json\/wp\/v2\/product\/16135"}],"collection":[{"href":"https:\/\/www.amvyx.gr\/en\/wp-json\/wp\/v2\/product"}],"about":[{"href":"https:\/\/www.amvyx.gr\/en\/wp-json\/wp\/v2\/types\/product"}],"wp:featuredmedia":[{"embeddable":true,"href":"https:\/\/www.amvyx.gr\/en\/wp-json\/wp\/v2\/media\/21178"}],"wp:attachment":[{"href":"https:\/\/www.amvyx.gr\/en\/wp-json\/wp\/v2\/media?parent=16135"}],"wp:term":[{"taxonomy":"product-categories","embeddable":true,"href":"https:\/\/www.amvyx.gr\/en\/wp-json\/wp\/v2\/product-categories?post=16135"}],"curies":[{"name":"wp","href":"https:\/\/api.w.org\/{rel}","templated":true}]}}