{"id":16301,"date":"2021-07-20T13:41:30","date_gmt":"2021-07-20T13:41:30","guid":{"rendered":"https:\/\/www.amvyx.gr\/?post_type=product&#038;p=16301"},"modified":"2023-11-09T15:12:28","modified_gmt":"2023-11-09T15:12:28","slug":"bushmills-the-original","status":"publish","type":"product","link":"https:\/\/www.amvyx.gr\/en\/product\/bushmills-the-original\/","title":{"rendered":"BUSHMILLS THE ORIGINAL"},"content":{"rendered":"<p><strong>BRAND DETAILS &amp; TASTE EXPERIENCE<\/strong><br \/>\r\nBushmills Original is the result of a unique blend of triple distilled malt whiskey and grain whiskey. It is a distinct whiskey with rich fresh fruit and vanilla notes.<\/p>\r\n<p><strong>AROMA:<\/strong> Fruity and spicy. Initial notes of vanilla that develop into vanilla ice cream and cr\u00e8me br\u00fbl\u00e9e.<br \/>\r\n<strong>FLAVOUR:<\/strong> Warming and mouth-coating texture with honey notes.<br \/>\r\n<strong>FINISH:<\/strong> Crisp and fresh, with a touch of spice.<br \/>\r\n40% alc. Vol.<\/p>","protected":false},"featured_media":21124,"template":"","product-categories":[175],"acf":[],"yoast_head":"<!-- This site is optimized with the Yoast SEO plugin v22.9 - https:\/\/yoast.com\/wordpress\/plugins\/seo\/ -->\n<title>BUSHMILLS THE ORIGINAL - Amvyx<\/title>\n<meta name=\"robots\" content=\"index, follow, max-snippet:-1, max-image-preview:large, max-video-preview:-1\" \/>\n<link rel=\"canonical\" href=\"https:\/\/www.amvyx.gr\/en\/product\/bushmills-the-original\/\" \/>\n<meta property=\"og:locale\" content=\"en_US\" \/>\n<meta property=\"og:type\" content=\"article\" \/>\n<meta property=\"og:title\" content=\"BUSHMILLS THE ORIGINAL - Amvyx\" \/>\n<meta property=\"og:description\" content=\"BRAND DETAILS &amp; TASTE EXPERIENCE Bushmills Original is the result of a unique blend of triple distilled malt whiskey and grain whiskey. It is a distinct whiskey with rich fresh fruit and vanilla notes. AROMA: Fruity and spicy. Initial notes of vanilla that develop into vanilla ice cream and cr\u00e8me br\u00fbl\u00e9e. FLAVOUR: Warming and mouth-coating [&hellip;]\" \/>\n<meta property=\"og:url\" content=\"https:\/\/www.amvyx.gr\/en\/product\/bushmills-the-original\/\" \/>\n<meta property=\"og:site_name\" content=\"Amvyx\" \/>\n<meta property=\"article:modified_time\" content=\"2023-11-09T15:12:28+00:00\" \/>\n<meta property=\"og:image\" content=\"https:\/\/www.amvyx.gr\/wp-content\/uploads\/BLACK-BUSH-ORIG.-BOTL.-SMALL.jpg\" \/>\n\t<meta property=\"og:image:width\" content=\"310\" \/>\n\t<meta property=\"og:image:height\" content=\"375\" \/>\n\t<meta property=\"og:image:type\" content=\"image\/jpeg\" \/>\n<meta name=\"twitter:card\" content=\"summary_large_image\" \/>\n<meta name=\"twitter:label1\" content=\"Est. reading time\" \/>\n\t<meta name=\"twitter:data1\" content=\"1 minute\" \/>\n<script type=\"application\/ld+json\" class=\"yoast-schema-graph\">{\"@context\":\"https:\/\/schema.org\",\"@graph\":[{\"@type\":\"WebPage\",\"@id\":\"https:\/\/www.amvyx.gr\/en\/product\/bushmills-the-original\/\",\"url\":\"https:\/\/www.amvyx.gr\/en\/product\/bushmills-the-original\/\",\"name\":\"BUSHMILLS THE ORIGINAL - Amvyx\",\"isPartOf\":{\"@id\":\"http:\/\/www.amvyx.gr\/#website\"},\"primaryImageOfPage\":{\"@id\":\"https:\/\/www.amvyx.gr\/en\/product\/bushmills-the-original\/#primaryimage\"},\"image\":{\"@id\":\"https:\/\/www.amvyx.gr\/en\/product\/bushmills-the-original\/#primaryimage\"},\"thumbnailUrl\":\"https:\/\/www.amvyx.gr\/wp-content\/uploads\/BLACK-BUSH-ORIG.-BOTL.-SMALL.jpg\",\"datePublished\":\"2021-07-20T13:41:30+00:00\",\"dateModified\":\"2023-11-09T15:12:28+00:00\",\"breadcrumb\":{\"@id\":\"https:\/\/www.amvyx.gr\/en\/product\/bushmills-the-original\/#breadcrumb\"},\"inLanguage\":\"en-US\",\"potentialAction\":[{\"@type\":\"ReadAction\",\"target\":[\"https:\/\/www.amvyx.gr\/en\/product\/bushmills-the-original\/\"]}]},{\"@type\":\"ImageObject\",\"inLanguage\":\"en-US\",\"@id\":\"https:\/\/www.amvyx.gr\/en\/product\/bushmills-the-original\/#primaryimage\",\"url\":\"https:\/\/www.amvyx.gr\/wp-content\/uploads\/BLACK-BUSH-ORIG.-BOTL.-SMALL.jpg\",\"contentUrl\":\"https:\/\/www.amvyx.gr\/wp-content\/uploads\/BLACK-BUSH-ORIG.-BOTL.-SMALL.jpg\",\"width\":310,\"height\":375},{\"@type\":\"BreadcrumbList\",\"@id\":\"https:\/\/www.amvyx.gr\/en\/product\/bushmills-the-original\/#breadcrumb\",\"itemListElement\":[{\"@type\":\"ListItem\",\"position\":1,\"name\":\"HOME\",\"item\":\"http:\/\/www.amvyx.gr\/en\/\"},{\"@type\":\"ListItem\",\"position\":2,\"name\":\"PRODUCTS\",\"item\":\"http:\/\/www.amvyx.gr\/en\/product\/\"},{\"@type\":\"ListItem\",\"position\":3,\"name\":\"\u039f\u03a5\u0399\u03a3\u039a\u0399\",\"item\":\"http:\/\/www.amvyx.gr\/product-categories\/whisky\/\"},{\"@type\":\"ListItem\",\"position\":4,\"name\":\"BUSHMILLS THE ORIGINAL\"}]},{\"@type\":\"WebSite\",\"@id\":\"http:\/\/www.amvyx.gr\/#website\",\"url\":\"http:\/\/www.amvyx.gr\/\",\"name\":\"Amvyx\",\"description\":\"\",\"potentialAction\":[{\"@type\":\"SearchAction\",\"target\":{\"@type\":\"EntryPoint\",\"urlTemplate\":\"http:\/\/www.amvyx.gr\/?s={search_term_string}\"},\"query-input\":\"required name=search_term_string\"}],\"inLanguage\":\"en-US\"}]}<\/script>\n<!-- \/ Yoast SEO plugin. -->","yoast_head_json":{"title":"BUSHMILLS THE ORIGINAL - Amvyx","robots":{"index":"index","follow":"follow","max-snippet":"max-snippet:-1","max-image-preview":"max-image-preview:large","max-video-preview":"max-video-preview:-1"},"canonical":"https:\/\/www.amvyx.gr\/en\/product\/bushmills-the-original\/","og_locale":"en_US","og_type":"article","og_title":"BUSHMILLS THE ORIGINAL - Amvyx","og_description":"BRAND DETAILS &amp; TASTE EXPERIENCE Bushmills Original is the result of a unique blend of triple distilled malt whiskey and grain whiskey. It is a distinct whiskey with rich fresh fruit and vanilla notes. AROMA: Fruity and spicy. Initial notes of vanilla that develop into vanilla ice cream and cr\u00e8me br\u00fbl\u00e9e. FLAVOUR: Warming and mouth-coating [&hellip;]","og_url":"https:\/\/www.amvyx.gr\/en\/product\/bushmills-the-original\/","og_site_name":"Amvyx","article_modified_time":"2023-11-09T15:12:28+00:00","og_image":[{"width":310,"height":375,"url":"https:\/\/www.amvyx.gr\/wp-content\/uploads\/BLACK-BUSH-ORIG.-BOTL.-SMALL.jpg","type":"image\/jpeg"}],"twitter_card":"summary_large_image","twitter_misc":{"Est. reading time":"1 minute"},"schema":{"@context":"https:\/\/schema.org","@graph":[{"@type":"WebPage","@id":"https:\/\/www.amvyx.gr\/en\/product\/bushmills-the-original\/","url":"https:\/\/www.amvyx.gr\/en\/product\/bushmills-the-original\/","name":"BUSHMILLS THE ORIGINAL - Amvyx","isPartOf":{"@id":"http:\/\/www.amvyx.gr\/#website"},"primaryImageOfPage":{"@id":"https:\/\/www.amvyx.gr\/en\/product\/bushmills-the-original\/#primaryimage"},"image":{"@id":"https:\/\/www.amvyx.gr\/en\/product\/bushmills-the-original\/#primaryimage"},"thumbnailUrl":"https:\/\/www.amvyx.gr\/wp-content\/uploads\/BLACK-BUSH-ORIG.-BOTL.-SMALL.jpg","datePublished":"2021-07-20T13:41:30+00:00","dateModified":"2023-11-09T15:12:28+00:00","breadcrumb":{"@id":"https:\/\/www.amvyx.gr\/en\/product\/bushmills-the-original\/#breadcrumb"},"inLanguage":"en-US","potentialAction":[{"@type":"ReadAction","target":["https:\/\/www.amvyx.gr\/en\/product\/bushmills-the-original\/"]}]},{"@type":"ImageObject","inLanguage":"en-US","@id":"https:\/\/www.amvyx.gr\/en\/product\/bushmills-the-original\/#primaryimage","url":"https:\/\/www.amvyx.gr\/wp-content\/uploads\/BLACK-BUSH-ORIG.-BOTL.-SMALL.jpg","contentUrl":"https:\/\/www.amvyx.gr\/wp-content\/uploads\/BLACK-BUSH-ORIG.-BOTL.-SMALL.jpg","width":310,"height":375},{"@type":"BreadcrumbList","@id":"https:\/\/www.amvyx.gr\/en\/product\/bushmills-the-original\/#breadcrumb","itemListElement":[{"@type":"ListItem","position":1,"name":"HOME","item":"http:\/\/www.amvyx.gr\/en\/"},{"@type":"ListItem","position":2,"name":"PRODUCTS","item":"http:\/\/www.amvyx.gr\/en\/product\/"},{"@type":"ListItem","position":3,"name":"\u039f\u03a5\u0399\u03a3\u039a\u0399","item":"http:\/\/www.amvyx.gr\/product-categories\/whisky\/"},{"@type":"ListItem","position":4,"name":"BUSHMILLS THE ORIGINAL"}]},{"@type":"WebSite","@id":"http:\/\/www.amvyx.gr\/#website","url":"http:\/\/www.amvyx.gr\/","name":"Amvyx","description":"","potentialAction":[{"@type":"SearchAction","target":{"@type":"EntryPoint","urlTemplate":"http:\/\/www.amvyx.gr\/?s={search_term_string}"},"query-input":"required name=search_term_string"}],"inLanguage":"en-US"}]}},"_links":{"self":[{"href":"https:\/\/www.amvyx.gr\/en\/wp-json\/wp\/v2\/product\/16301"}],"collection":[{"href":"https:\/\/www.amvyx.gr\/en\/wp-json\/wp\/v2\/product"}],"about":[{"href":"https:\/\/www.amvyx.gr\/en\/wp-json\/wp\/v2\/types\/product"}],"wp:featuredmedia":[{"embeddable":true,"href":"https:\/\/www.amvyx.gr\/en\/wp-json\/wp\/v2\/media\/21124"}],"wp:attachment":[{"href":"https:\/\/www.amvyx.gr\/en\/wp-json\/wp\/v2\/media?parent=16301"}],"wp:term":[{"taxonomy":"product-categories","embeddable":true,"href":"https:\/\/www.amvyx.gr\/en\/wp-json\/wp\/v2\/product-categories?post=16301"}],"curies":[{"name":"wp","href":"https:\/\/api.w.org\/{rel}","templated":true}]}}