{"id":20990,"date":"2023-09-15T13:29:56","date_gmt":"2023-09-15T13:29:56","guid":{"rendered":"https:\/\/www.amvyx.gr\/?post_type=product&#038;p=20990"},"modified":"2023-09-19T12:21:05","modified_gmt":"2023-09-19T12:21:05","slug":"chateau-galoupet","status":"publish","type":"product","link":"https:\/\/www.amvyx.gr\/en\/product\/chateau-galoupet\/","title":{"rendered":"CHATEAU GALOUPET"},"content":{"rendered":"<p>Ch\u00e2teau Galoupet is a Cru Class\u00e9 de Provence in the C\u00f4tes de Provence appellation. A sanctuary for <br \/>\r\nbiodiversity made up of 77 hectares of protected woodland and 69 hectares of vineyard. It was acquired by <br \/>\r\nLouis Vuitton Mo\u00ebt Hennessy in 2019. After almost four years regenerating the Estate to craft elevated <br \/>\r\nexpressions of the terroir, we released our second vintage in organic conversion: <br \/>\r\nCh\u00e2teau Galoupet Cru Class\u00e9 Ros\u00e9 2022.<\/p>\r\n<p><strong>Blend Composition<\/strong><\/p>\r\n<p>Grenache: 58% I Tibouren: 12%<br \/>\r\nSyrah: 11% I Rolle: 11% I<br \/>\r\nCinsault: 6% I S\u00e9millon: 2%<\/p>\r\n<p><strong>Palate<\/strong><\/p>\r\n<p>Full-bodied, ample and intense with delicate notes of fresh flowers, yellow fruit, almonds and sweet spices, followed by a touch of honey. A <br \/>\r\nlong, complex and mineral finish.<\/p>\r\n<p><strong>Nose<\/strong><\/p>\r\n<p>Generous and lively with notes of apricot, wild peach, complex pastry aromas and hints of the Garrigue.<\/p>\r\n<p><strong>Food Pairing<\/strong><\/p>\r\n<p>From aperitif to dessert, from summer to winter, from a spicy fish tartare to poultry in sauce with grilled vegetables or a fruit tart with walnut flakes, Ch\u00e2teau Galoupet Cru Class\u00e9 Ros\u00e9 2022 is an ideal pairing for any gastronomic experience. <br \/>\r\n14 % ABV I Serve: 10\u00b0c I Cellaring 2-4 years.<\/p>","protected":false},"featured_media":20988,"template":"","product-categories":[19],"acf":[],"yoast_head":"<!-- This site is optimized with the Yoast SEO plugin v22.9 - https:\/\/yoast.com\/wordpress\/plugins\/seo\/ -->\n<title>CHATEAU GALOUPET - Amvyx<\/title>\n<meta name=\"robots\" content=\"index, follow, max-snippet:-1, max-image-preview:large, max-video-preview:-1\" \/>\n<link rel=\"canonical\" href=\"https:\/\/www.amvyx.gr\/en\/product\/chateau-galoupet\/\" \/>\n<meta property=\"og:locale\" content=\"en_US\" \/>\n<meta property=\"og:type\" content=\"article\" \/>\n<meta property=\"og:title\" content=\"CHATEAU GALOUPET - Amvyx\" \/>\n<meta property=\"og:description\" content=\"Ch\u00e2teau Galoupet is a Cru Class\u00e9 de Provence in the C\u00f4tes de Provence appellation. A sanctuary for biodiversity made up of 77 hectares of protected woodland and 69 hectares of vineyard. It was acquired by Louis Vuitton Mo\u00ebt Hennessy in 2019. After almost four years regenerating the Estate to craft elevated expressions of the terroir, [&hellip;]\" \/>\n<meta property=\"og:url\" content=\"https:\/\/www.amvyx.gr\/en\/product\/chateau-galoupet\/\" \/>\n<meta property=\"og:site_name\" content=\"Amvyx\" \/>\n<meta property=\"article:modified_time\" content=\"2023-09-19T12:21:05+00:00\" \/>\n<meta property=\"og:image\" content=\"https:\/\/www.amvyx.gr\/wp-content\/uploads\/310x375.jpg\" \/>\n\t<meta property=\"og:image:width\" content=\"310\" \/>\n\t<meta property=\"og:image:height\" content=\"375\" \/>\n\t<meta property=\"og:image:type\" content=\"image\/jpeg\" \/>\n<meta name=\"twitter:card\" content=\"summary_large_image\" \/>\n<meta name=\"twitter:label1\" content=\"Est. reading time\" \/>\n\t<meta name=\"twitter:data1\" content=\"2 minutes\" \/>\n<script type=\"application\/ld+json\" class=\"yoast-schema-graph\">{\"@context\":\"https:\/\/schema.org\",\"@graph\":[{\"@type\":\"WebPage\",\"@id\":\"https:\/\/www.amvyx.gr\/en\/product\/chateau-galoupet\/\",\"url\":\"https:\/\/www.amvyx.gr\/en\/product\/chateau-galoupet\/\",\"name\":\"CHATEAU GALOUPET - Amvyx\",\"isPartOf\":{\"@id\":\"http:\/\/www.amvyx.gr\/#website\"},\"primaryImageOfPage\":{\"@id\":\"https:\/\/www.amvyx.gr\/en\/product\/chateau-galoupet\/#primaryimage\"},\"image\":{\"@id\":\"https:\/\/www.amvyx.gr\/en\/product\/chateau-galoupet\/#primaryimage\"},\"thumbnailUrl\":\"https:\/\/www.amvyx.gr\/wp-content\/uploads\/310x375.jpg\",\"datePublished\":\"2023-09-15T13:29:56+00:00\",\"dateModified\":\"2023-09-19T12:21:05+00:00\",\"breadcrumb\":{\"@id\":\"https:\/\/www.amvyx.gr\/en\/product\/chateau-galoupet\/#breadcrumb\"},\"inLanguage\":\"en-US\",\"potentialAction\":[{\"@type\":\"ReadAction\",\"target\":[\"https:\/\/www.amvyx.gr\/en\/product\/chateau-galoupet\/\"]}]},{\"@type\":\"ImageObject\",\"inLanguage\":\"en-US\",\"@id\":\"https:\/\/www.amvyx.gr\/en\/product\/chateau-galoupet\/#primaryimage\",\"url\":\"https:\/\/www.amvyx.gr\/wp-content\/uploads\/310x375.jpg\",\"contentUrl\":\"https:\/\/www.amvyx.gr\/wp-content\/uploads\/310x375.jpg\",\"width\":310,\"height\":375},{\"@type\":\"BreadcrumbList\",\"@id\":\"https:\/\/www.amvyx.gr\/en\/product\/chateau-galoupet\/#breadcrumb\",\"itemListElement\":[{\"@type\":\"ListItem\",\"position\":1,\"name\":\"HOME\",\"item\":\"http:\/\/www.amvyx.gr\/en\/\"},{\"@type\":\"ListItem\",\"position\":2,\"name\":\"PRODUCTS\",\"item\":\"http:\/\/www.amvyx.gr\/en\/product\/\"},{\"@type\":\"ListItem\",\"position\":3,\"name\":\"WINES\",\"item\":\"http:\/\/www.amvyx.gr\/en\/product-categories\/wines-2\/\"},{\"@type\":\"ListItem\",\"position\":4,\"name\":\"CHATEAU GALOUPET\"}]},{\"@type\":\"WebSite\",\"@id\":\"http:\/\/www.amvyx.gr\/#website\",\"url\":\"http:\/\/www.amvyx.gr\/\",\"name\":\"Amvyx\",\"description\":\"\",\"potentialAction\":[{\"@type\":\"SearchAction\",\"target\":{\"@type\":\"EntryPoint\",\"urlTemplate\":\"http:\/\/www.amvyx.gr\/?s={search_term_string}\"},\"query-input\":\"required name=search_term_string\"}],\"inLanguage\":\"en-US\"}]}<\/script>\n<!-- \/ Yoast SEO plugin. -->","yoast_head_json":{"title":"CHATEAU GALOUPET - Amvyx","robots":{"index":"index","follow":"follow","max-snippet":"max-snippet:-1","max-image-preview":"max-image-preview:large","max-video-preview":"max-video-preview:-1"},"canonical":"https:\/\/www.amvyx.gr\/en\/product\/chateau-galoupet\/","og_locale":"en_US","og_type":"article","og_title":"CHATEAU GALOUPET - Amvyx","og_description":"Ch\u00e2teau Galoupet is a Cru Class\u00e9 de Provence in the C\u00f4tes de Provence appellation. A sanctuary for biodiversity made up of 77 hectares of protected woodland and 69 hectares of vineyard. It was acquired by Louis Vuitton Mo\u00ebt Hennessy in 2019. After almost four years regenerating the Estate to craft elevated expressions of the terroir, [&hellip;]","og_url":"https:\/\/www.amvyx.gr\/en\/product\/chateau-galoupet\/","og_site_name":"Amvyx","article_modified_time":"2023-09-19T12:21:05+00:00","og_image":[{"width":310,"height":375,"url":"https:\/\/www.amvyx.gr\/wp-content\/uploads\/310x375.jpg","type":"image\/jpeg"}],"twitter_card":"summary_large_image","twitter_misc":{"Est. reading time":"2 minutes"},"schema":{"@context":"https:\/\/schema.org","@graph":[{"@type":"WebPage","@id":"https:\/\/www.amvyx.gr\/en\/product\/chateau-galoupet\/","url":"https:\/\/www.amvyx.gr\/en\/product\/chateau-galoupet\/","name":"CHATEAU GALOUPET - Amvyx","isPartOf":{"@id":"http:\/\/www.amvyx.gr\/#website"},"primaryImageOfPage":{"@id":"https:\/\/www.amvyx.gr\/en\/product\/chateau-galoupet\/#primaryimage"},"image":{"@id":"https:\/\/www.amvyx.gr\/en\/product\/chateau-galoupet\/#primaryimage"},"thumbnailUrl":"https:\/\/www.amvyx.gr\/wp-content\/uploads\/310x375.jpg","datePublished":"2023-09-15T13:29:56+00:00","dateModified":"2023-09-19T12:21:05+00:00","breadcrumb":{"@id":"https:\/\/www.amvyx.gr\/en\/product\/chateau-galoupet\/#breadcrumb"},"inLanguage":"en-US","potentialAction":[{"@type":"ReadAction","target":["https:\/\/www.amvyx.gr\/en\/product\/chateau-galoupet\/"]}]},{"@type":"ImageObject","inLanguage":"en-US","@id":"https:\/\/www.amvyx.gr\/en\/product\/chateau-galoupet\/#primaryimage","url":"https:\/\/www.amvyx.gr\/wp-content\/uploads\/310x375.jpg","contentUrl":"https:\/\/www.amvyx.gr\/wp-content\/uploads\/310x375.jpg","width":310,"height":375},{"@type":"BreadcrumbList","@id":"https:\/\/www.amvyx.gr\/en\/product\/chateau-galoupet\/#breadcrumb","itemListElement":[{"@type":"ListItem","position":1,"name":"HOME","item":"http:\/\/www.amvyx.gr\/en\/"},{"@type":"ListItem","position":2,"name":"PRODUCTS","item":"http:\/\/www.amvyx.gr\/en\/product\/"},{"@type":"ListItem","position":3,"name":"WINES","item":"http:\/\/www.amvyx.gr\/en\/product-categories\/wines-2\/"},{"@type":"ListItem","position":4,"name":"CHATEAU GALOUPET"}]},{"@type":"WebSite","@id":"http:\/\/www.amvyx.gr\/#website","url":"http:\/\/www.amvyx.gr\/","name":"Amvyx","description":"","potentialAction":[{"@type":"SearchAction","target":{"@type":"EntryPoint","urlTemplate":"http:\/\/www.amvyx.gr\/?s={search_term_string}"},"query-input":"required name=search_term_string"}],"inLanguage":"en-US"}]}},"_links":{"self":[{"href":"https:\/\/www.amvyx.gr\/en\/wp-json\/wp\/v2\/product\/20990"}],"collection":[{"href":"https:\/\/www.amvyx.gr\/en\/wp-json\/wp\/v2\/product"}],"about":[{"href":"https:\/\/www.amvyx.gr\/en\/wp-json\/wp\/v2\/types\/product"}],"wp:featuredmedia":[{"embeddable":true,"href":"https:\/\/www.amvyx.gr\/en\/wp-json\/wp\/v2\/media\/20988"}],"wp:attachment":[{"href":"https:\/\/www.amvyx.gr\/en\/wp-json\/wp\/v2\/media?parent=20990"}],"wp:term":[{"taxonomy":"product-categories","embeddable":true,"href":"https:\/\/www.amvyx.gr\/en\/wp-json\/wp\/v2\/product-categories?post=20990"}],"curies":[{"name":"wp","href":"https:\/\/api.w.org\/{rel}","templated":true}]}}