{"id":21097,"date":"2023-11-08T13:26:33","date_gmt":"2023-11-08T13:26:33","guid":{"rendered":"https:\/\/www.amvyx.gr\/?post_type=product&#038;p=21097"},"modified":"2023-11-08T13:26:33","modified_gmt":"2023-11-08T13:26:33","slug":"minuty-prestige-rose","status":"publish","type":"product","link":"https:\/\/www.amvyx.gr\/en\/product\/minuty-prestige-rose\/","title":{"rendered":"MINUTY PRESTIGE ROS\u00c9"},"content":{"rendered":"<p>This vintage appeared over 25 years ago when Jean-Etienne and Fran\u00e7ois Matton wanted to bring a signature wine to a wider audience of Provence ros\u00e9 lovers with the perfect pairing of exciting aromas and light flavour. The idea is to give drinkers a joyful experience and showcase the Provence terroirs. The bottle\u2019s design was updated in 2020.<\/p>\r\n<p>&nbsp;<\/p>\r\n<p><strong>THE PRESTIGE ROS\u00c9 METHOD<\/strong><\/p>\r\n<p>This vintage is a smart blend of a selection of Designation grapes with the winery\u2019s own grapes. The winemaking process is executed with Minuty\u2019s perfect understanding of winemaking temperatures that are low enough to lock in the grapes\u2019 aromatic potential but high enough to bring out their subtleties. It blends Grenache for its elegant aromas, Syrah for its aromatic complexity, Cinsault for its vibrancy and Rolle, a top Provence white grape variety, for its earthy aromas.<\/p>\r\n<p><br \/>\r\n<strong>THE PRESTIGE ROS\u00c9 FLAVOUR<\/strong><\/p>\r\n<p><br \/>\r\nShimmering pink with crisp aromas that pack a punch with yellow grapefruit, whitecurrant, blood orange and fresh berries such as raspberry. It\u2019s just as crisp, strong and clean on the palate with a lovely salty and zingy aftertaste. This is a vibrant wine that packs a punch.<\/p>\r\n<p><br \/>\r\n<strong>THE PRESTIGE ROS\u00c9 EXPERIENCE<\/strong><\/p>\r\n<p><br \/>\r\nThe lovely earthy aftertaste is ideal for seafood, with salty oysters making a match made in heaven as well as whelks, clams and anything on a seafood platter. Fish ceviche and sushi, California rolls and grilled fish work just as well. Let\u2019s not forget Italian cuisine with classic trattoria dishes including veal Milanese and spaghetti alle vongole or delicious Proven\u00e7ale specialities such as stuffed vegetables or vegetable stacks.<\/p>\r\n<p><strong>VINTAGE YEAR<\/strong><br \/>\r\n2022<\/p>\r\n<p><br \/>\r\n<strong>TERROIR<\/strong><br \/>\r\nGrapes from a selection of Provence terroirs and from <br \/>\r\nsome of the winery\u2019s plots.<\/p>\r\n<p><br \/>\r\n<strong>DESIGNATION<\/strong><br \/>\r\nAOP C\u00f4tes de Provence<\/p>\r\n<p><br \/>\r\n<strong>GRAPE<\/strong><br \/>\r\nGrenache, Syrah, Cinsault, Rolle.<\/p>\r\n<p><br \/>\r\n<strong>PERSONALITY<\/strong><br \/>\r\nCrisp, clean, earthy and vibrant.<\/p>\r\n<p><br \/>\r\n<strong>VINE GROWING, WINEMAKING AND AGING<\/strong><br \/>\r\nSelection of free-run and press juice, cold soaking and <br \/>\r\nfermenting, no malolactic fermentation.<\/p>\r\n<p><br \/>\r\n<strong>SERVING TEMPERATURE<\/strong><br \/>\r\n8 \u00b0- 10 \u00b0<\/p>\r\n<p><br \/>\r\n<strong>GLASS TYPES<\/strong><br \/>\r\nAny, stem glasses recommended<\/p>\r\n<p>&nbsp;<\/p>\r\n<p>ALCOHOL DEGREE: 12.5% VOl.<\/p>","protected":false},"featured_media":21096,"template":"","product-categories":[176],"acf":[],"yoast_head":"<!-- This site is optimized with the Yoast SEO plugin v22.9 - https:\/\/yoast.com\/wordpress\/plugins\/seo\/ -->\n<title>MINUTY PRESTIGE ROS\u00c9 - Amvyx<\/title>\n<meta name=\"robots\" content=\"index, follow, max-snippet:-1, max-image-preview:large, max-video-preview:-1\" \/>\n<link rel=\"canonical\" href=\"https:\/\/www.amvyx.gr\/en\/product\/minuty-prestige-rose\/\" \/>\n<meta property=\"og:locale\" content=\"en_US\" \/>\n<meta property=\"og:type\" content=\"article\" \/>\n<meta property=\"og:title\" content=\"MINUTY PRESTIGE ROS\u00c9 - Amvyx\" \/>\n<meta property=\"og:description\" content=\"This vintage appeared over 25 years ago when Jean-Etienne and Fran\u00e7ois Matton wanted to bring a signature wine to a wider audience of Provence ros\u00e9 lovers with the perfect pairing of exciting aromas and light flavour. The idea is to give drinkers a joyful experience and showcase the Provence terroirs. The bottle\u2019s design was updated [&hellip;]\" \/>\n<meta property=\"og:url\" content=\"https:\/\/www.amvyx.gr\/en\/product\/minuty-prestige-rose\/\" \/>\n<meta property=\"og:site_name\" content=\"Amvyx\" \/>\n<meta property=\"og:image\" content=\"https:\/\/www.amvyx.gr\/wp-content\/uploads\/MINUTY-PRESTIGE-SMALL.jpg\" \/>\n\t<meta property=\"og:image:width\" content=\"310\" \/>\n\t<meta property=\"og:image:height\" content=\"375\" \/>\n\t<meta property=\"og:image:type\" content=\"image\/jpeg\" \/>\n<meta name=\"twitter:card\" content=\"summary_large_image\" \/>\n<meta name=\"twitter:label1\" content=\"Est. reading time\" \/>\n\t<meta name=\"twitter:data1\" content=\"2 minutes\" \/>\n<script type=\"application\/ld+json\" class=\"yoast-schema-graph\">{\"@context\":\"https:\/\/schema.org\",\"@graph\":[{\"@type\":\"WebPage\",\"@id\":\"https:\/\/www.amvyx.gr\/en\/product\/minuty-prestige-rose\/\",\"url\":\"https:\/\/www.amvyx.gr\/en\/product\/minuty-prestige-rose\/\",\"name\":\"MINUTY PRESTIGE ROS\u00c9 - Amvyx\",\"isPartOf\":{\"@id\":\"http:\/\/www.amvyx.gr\/#website\"},\"primaryImageOfPage\":{\"@id\":\"https:\/\/www.amvyx.gr\/en\/product\/minuty-prestige-rose\/#primaryimage\"},\"image\":{\"@id\":\"https:\/\/www.amvyx.gr\/en\/product\/minuty-prestige-rose\/#primaryimage\"},\"thumbnailUrl\":\"https:\/\/www.amvyx.gr\/wp-content\/uploads\/MINUTY-PRESTIGE-SMALL.jpg\",\"datePublished\":\"2023-11-08T13:26:33+00:00\",\"dateModified\":\"2023-11-08T13:26:33+00:00\",\"breadcrumb\":{\"@id\":\"https:\/\/www.amvyx.gr\/en\/product\/minuty-prestige-rose\/#breadcrumb\"},\"inLanguage\":\"en-US\",\"potentialAction\":[{\"@type\":\"ReadAction\",\"target\":[\"https:\/\/www.amvyx.gr\/en\/product\/minuty-prestige-rose\/\"]}]},{\"@type\":\"ImageObject\",\"inLanguage\":\"en-US\",\"@id\":\"https:\/\/www.amvyx.gr\/en\/product\/minuty-prestige-rose\/#primaryimage\",\"url\":\"https:\/\/www.amvyx.gr\/wp-content\/uploads\/MINUTY-PRESTIGE-SMALL.jpg\",\"contentUrl\":\"https:\/\/www.amvyx.gr\/wp-content\/uploads\/MINUTY-PRESTIGE-SMALL.jpg\",\"width\":310,\"height\":375},{\"@type\":\"BreadcrumbList\",\"@id\":\"https:\/\/www.amvyx.gr\/en\/product\/minuty-prestige-rose\/#breadcrumb\",\"itemListElement\":[{\"@type\":\"ListItem\",\"position\":1,\"name\":\"HOME\",\"item\":\"http:\/\/www.amvyx.gr\/en\/\"},{\"@type\":\"ListItem\",\"position\":2,\"name\":\"PRODUCTS\",\"item\":\"http:\/\/www.amvyx.gr\/en\/product\/\"},{\"@type\":\"ListItem\",\"position\":3,\"name\":\"WINES\",\"item\":\"http:\/\/www.amvyx.gr\/en\/product-categories\/wines-2\/\"},{\"@type\":\"ListItem\",\"position\":4,\"name\":\"MINUTY PRESTIGE ROS\u00c9\"}]},{\"@type\":\"WebSite\",\"@id\":\"http:\/\/www.amvyx.gr\/#website\",\"url\":\"http:\/\/www.amvyx.gr\/\",\"name\":\"Amvyx\",\"description\":\"\",\"potentialAction\":[{\"@type\":\"SearchAction\",\"target\":{\"@type\":\"EntryPoint\",\"urlTemplate\":\"http:\/\/www.amvyx.gr\/?s={search_term_string}\"},\"query-input\":\"required name=search_term_string\"}],\"inLanguage\":\"en-US\"}]}<\/script>\n<!-- \/ Yoast SEO plugin. -->","yoast_head_json":{"title":"MINUTY PRESTIGE ROS\u00c9 - Amvyx","robots":{"index":"index","follow":"follow","max-snippet":"max-snippet:-1","max-image-preview":"max-image-preview:large","max-video-preview":"max-video-preview:-1"},"canonical":"https:\/\/www.amvyx.gr\/en\/product\/minuty-prestige-rose\/","og_locale":"en_US","og_type":"article","og_title":"MINUTY PRESTIGE ROS\u00c9 - Amvyx","og_description":"This vintage appeared over 25 years ago when Jean-Etienne and Fran\u00e7ois Matton wanted to bring a signature wine to a wider audience of Provence ros\u00e9 lovers with the perfect pairing of exciting aromas and light flavour. The idea is to give drinkers a joyful experience and showcase the Provence terroirs. The bottle\u2019s design was updated [&hellip;]","og_url":"https:\/\/www.amvyx.gr\/en\/product\/minuty-prestige-rose\/","og_site_name":"Amvyx","og_image":[{"width":310,"height":375,"url":"https:\/\/www.amvyx.gr\/wp-content\/uploads\/MINUTY-PRESTIGE-SMALL.jpg","type":"image\/jpeg"}],"twitter_card":"summary_large_image","twitter_misc":{"Est. reading time":"2 minutes"},"schema":{"@context":"https:\/\/schema.org","@graph":[{"@type":"WebPage","@id":"https:\/\/www.amvyx.gr\/en\/product\/minuty-prestige-rose\/","url":"https:\/\/www.amvyx.gr\/en\/product\/minuty-prestige-rose\/","name":"MINUTY PRESTIGE ROS\u00c9 - Amvyx","isPartOf":{"@id":"http:\/\/www.amvyx.gr\/#website"},"primaryImageOfPage":{"@id":"https:\/\/www.amvyx.gr\/en\/product\/minuty-prestige-rose\/#primaryimage"},"image":{"@id":"https:\/\/www.amvyx.gr\/en\/product\/minuty-prestige-rose\/#primaryimage"},"thumbnailUrl":"https:\/\/www.amvyx.gr\/wp-content\/uploads\/MINUTY-PRESTIGE-SMALL.jpg","datePublished":"2023-11-08T13:26:33+00:00","dateModified":"2023-11-08T13:26:33+00:00","breadcrumb":{"@id":"https:\/\/www.amvyx.gr\/en\/product\/minuty-prestige-rose\/#breadcrumb"},"inLanguage":"en-US","potentialAction":[{"@type":"ReadAction","target":["https:\/\/www.amvyx.gr\/en\/product\/minuty-prestige-rose\/"]}]},{"@type":"ImageObject","inLanguage":"en-US","@id":"https:\/\/www.amvyx.gr\/en\/product\/minuty-prestige-rose\/#primaryimage","url":"https:\/\/www.amvyx.gr\/wp-content\/uploads\/MINUTY-PRESTIGE-SMALL.jpg","contentUrl":"https:\/\/www.amvyx.gr\/wp-content\/uploads\/MINUTY-PRESTIGE-SMALL.jpg","width":310,"height":375},{"@type":"BreadcrumbList","@id":"https:\/\/www.amvyx.gr\/en\/product\/minuty-prestige-rose\/#breadcrumb","itemListElement":[{"@type":"ListItem","position":1,"name":"HOME","item":"http:\/\/www.amvyx.gr\/en\/"},{"@type":"ListItem","position":2,"name":"PRODUCTS","item":"http:\/\/www.amvyx.gr\/en\/product\/"},{"@type":"ListItem","position":3,"name":"WINES","item":"http:\/\/www.amvyx.gr\/en\/product-categories\/wines-2\/"},{"@type":"ListItem","position":4,"name":"MINUTY PRESTIGE ROS\u00c9"}]},{"@type":"WebSite","@id":"http:\/\/www.amvyx.gr\/#website","url":"http:\/\/www.amvyx.gr\/","name":"Amvyx","description":"","potentialAction":[{"@type":"SearchAction","target":{"@type":"EntryPoint","urlTemplate":"http:\/\/www.amvyx.gr\/?s={search_term_string}"},"query-input":"required name=search_term_string"}],"inLanguage":"en-US"}]}},"_links":{"self":[{"href":"https:\/\/www.amvyx.gr\/en\/wp-json\/wp\/v2\/product\/21097"}],"collection":[{"href":"https:\/\/www.amvyx.gr\/en\/wp-json\/wp\/v2\/product"}],"about":[{"href":"https:\/\/www.amvyx.gr\/en\/wp-json\/wp\/v2\/types\/product"}],"wp:featuredmedia":[{"embeddable":true,"href":"https:\/\/www.amvyx.gr\/en\/wp-json\/wp\/v2\/media\/21096"}],"wp:attachment":[{"href":"https:\/\/www.amvyx.gr\/en\/wp-json\/wp\/v2\/media?parent=21097"}],"wp:term":[{"taxonomy":"product-categories","embeddable":true,"href":"https:\/\/www.amvyx.gr\/en\/wp-json\/wp\/v2\/product-categories?post=21097"}],"curies":[{"name":"wp","href":"https:\/\/api.w.org\/{rel}","templated":true}]}}