{"id":23132,"date":"2025-09-23T11:35:59","date_gmt":"2025-09-23T11:35:59","guid":{"rendered":"https:\/\/www.amvyx.gr\/?post_type=product&#038;p=23132"},"modified":"2025-09-23T11:35:59","modified_gmt":"2025-09-23T11:35:59","slug":"moet-chandon-grand-vintage-rose-2016","status":"publish","type":"product","link":"https:\/\/www.amvyx.gr\/en\/product\/moet-chandon-grand-vintage-rose-2016\/","title":{"rendered":"Mo\u00ebt &#038; Chandon Grand Vintage Ros\u00e9 2016"},"content":{"rendered":"<p>Mo\u00ebt &amp; Chandon Grand Vintage Ros\u00e9 2016 is the 46\u1d57\u02b0 vintage ros\u00e9 from the House, shaped by a challenging year that yielded outstanding Pinot Noir and Meunier. Aged for six years in cellars, it expresses elegance and harmony, with a refined structure and delicate finish, embodying the serenity after the storm.<\/p>\r\n<p>&nbsp;<\/p>\r\n<p>Composition: 43% Pinot Noir (including 13% red wine), 42% Chardonnay, 15% Meunier.<\/p>\r\n<p>&nbsp;<\/p>\r\n<p>Tasting Notes: Medium pink with bluish reflections. Aromas of crushed strawberries, raspberries, blueberries, rose, hibiscus, violet, gingerbread, and cocoa powder. On the palate, supple and harmonious with fresh fruit, especially ripe raspberries, leading to a lightly astringent yet airy and delicate finish.<\/p>","protected":false},"featured_media":23125,"template":"","product-categories":[157],"acf":[],"yoast_head":"<!-- This site is optimized with the Yoast SEO plugin v22.9 - https:\/\/yoast.com\/wordpress\/plugins\/seo\/ -->\n<title>Mo\u00ebt &amp; Chandon Grand Vintage Ros\u00e9 2016 - Amvyx<\/title>\n<meta name=\"robots\" content=\"index, follow, max-snippet:-1, max-image-preview:large, max-video-preview:-1\" \/>\n<link rel=\"canonical\" href=\"https:\/\/www.amvyx.gr\/en\/product\/moet-chandon-grand-vintage-rose-2016\/\" \/>\n<meta property=\"og:locale\" content=\"en_US\" \/>\n<meta property=\"og:type\" content=\"article\" \/>\n<meta property=\"og:title\" content=\"Mo\u00ebt &amp; Chandon Grand Vintage Ros\u00e9 2016 - Amvyx\" \/>\n<meta property=\"og:description\" content=\"Mo\u00ebt &amp; Chandon Grand Vintage Ros\u00e9 2016 is the 46\u1d57\u02b0 vintage ros\u00e9 from the House, shaped by a challenging year that yielded outstanding Pinot Noir and Meunier. Aged for six years in cellars, it expresses elegance and harmony, with a refined structure and delicate finish, embodying the serenity after the storm. &nbsp; Composition: 43% Pinot [&hellip;]\" \/>\n<meta property=\"og:url\" content=\"https:\/\/www.amvyx.gr\/en\/product\/moet-chandon-grand-vintage-rose-2016\/\" \/>\n<meta property=\"og:site_name\" content=\"Amvyx\" \/>\n<meta property=\"og:image\" content=\"https:\/\/www.amvyx.gr\/wp-content\/uploads\/MOET-R-2016-SMALL.jpg\" \/>\n\t<meta property=\"og:image:width\" content=\"310\" \/>\n\t<meta property=\"og:image:height\" content=\"375\" \/>\n\t<meta property=\"og:image:type\" content=\"image\/jpeg\" \/>\n<meta name=\"twitter:card\" content=\"summary_large_image\" \/>\n<meta name=\"twitter:label1\" content=\"Est. reading time\" \/>\n\t<meta name=\"twitter:data1\" content=\"1 minute\" \/>\n<script type=\"application\/ld+json\" class=\"yoast-schema-graph\">{\"@context\":\"https:\/\/schema.org\",\"@graph\":[{\"@type\":\"WebPage\",\"@id\":\"https:\/\/www.amvyx.gr\/en\/product\/moet-chandon-grand-vintage-rose-2016\/\",\"url\":\"https:\/\/www.amvyx.gr\/en\/product\/moet-chandon-grand-vintage-rose-2016\/\",\"name\":\"Mo\u00ebt & Chandon Grand Vintage Ros\u00e9 2016 - Amvyx\",\"isPartOf\":{\"@id\":\"http:\/\/www.amvyx.gr\/#website\"},\"primaryImageOfPage\":{\"@id\":\"https:\/\/www.amvyx.gr\/en\/product\/moet-chandon-grand-vintage-rose-2016\/#primaryimage\"},\"image\":{\"@id\":\"https:\/\/www.amvyx.gr\/en\/product\/moet-chandon-grand-vintage-rose-2016\/#primaryimage\"},\"thumbnailUrl\":\"https:\/\/www.amvyx.gr\/wp-content\/uploads\/MOET-R-2016-SMALL.jpg\",\"datePublished\":\"2025-09-23T11:35:59+00:00\",\"dateModified\":\"2025-09-23T11:35:59+00:00\",\"breadcrumb\":{\"@id\":\"https:\/\/www.amvyx.gr\/en\/product\/moet-chandon-grand-vintage-rose-2016\/#breadcrumb\"},\"inLanguage\":\"en-US\",\"potentialAction\":[{\"@type\":\"ReadAction\",\"target\":[\"https:\/\/www.amvyx.gr\/en\/product\/moet-chandon-grand-vintage-rose-2016\/\"]}]},{\"@type\":\"ImageObject\",\"inLanguage\":\"en-US\",\"@id\":\"https:\/\/www.amvyx.gr\/en\/product\/moet-chandon-grand-vintage-rose-2016\/#primaryimage\",\"url\":\"https:\/\/www.amvyx.gr\/wp-content\/uploads\/MOET-R-2016-SMALL.jpg\",\"contentUrl\":\"https:\/\/www.amvyx.gr\/wp-content\/uploads\/MOET-R-2016-SMALL.jpg\",\"width\":310,\"height\":375},{\"@type\":\"BreadcrumbList\",\"@id\":\"https:\/\/www.amvyx.gr\/en\/product\/moet-chandon-grand-vintage-rose-2016\/#breadcrumb\",\"itemListElement\":[{\"@type\":\"ListItem\",\"position\":1,\"name\":\"HOME\",\"item\":\"http:\/\/www.amvyx.gr\/en\/\"},{\"@type\":\"ListItem\",\"position\":2,\"name\":\"PRODUCTS\",\"item\":\"http:\/\/www.amvyx.gr\/en\/product\/\"},{\"@type\":\"ListItem\",\"position\":3,\"name\":\"CHAMPAGNE\",\"item\":\"https:\/\/www.amvyx.gr\/en\/product-categories\/champagne-2\/\"},{\"@type\":\"ListItem\",\"position\":4,\"name\":\"MO\u00cbT &#038; CHANDON GRAND VINTAGE ROS\u00c9 2016\"}]},{\"@type\":\"WebSite\",\"@id\":\"http:\/\/www.amvyx.gr\/#website\",\"url\":\"http:\/\/www.amvyx.gr\/\",\"name\":\"Amvyx\",\"description\":\"\",\"potentialAction\":[{\"@type\":\"SearchAction\",\"target\":{\"@type\":\"EntryPoint\",\"urlTemplate\":\"http:\/\/www.amvyx.gr\/?s={search_term_string}\"},\"query-input\":\"required name=search_term_string\"}],\"inLanguage\":\"en-US\"}]}<\/script>\n<!-- \/ Yoast SEO plugin. -->","yoast_head_json":{"title":"Mo\u00ebt & Chandon Grand Vintage Ros\u00e9 2016 - Amvyx","robots":{"index":"index","follow":"follow","max-snippet":"max-snippet:-1","max-image-preview":"max-image-preview:large","max-video-preview":"max-video-preview:-1"},"canonical":"https:\/\/www.amvyx.gr\/en\/product\/moet-chandon-grand-vintage-rose-2016\/","og_locale":"en_US","og_type":"article","og_title":"Mo\u00ebt & Chandon Grand Vintage Ros\u00e9 2016 - Amvyx","og_description":"Mo\u00ebt &amp; Chandon Grand Vintage Ros\u00e9 2016 is the 46\u1d57\u02b0 vintage ros\u00e9 from the House, shaped by a challenging year that yielded outstanding Pinot Noir and Meunier. Aged for six years in cellars, it expresses elegance and harmony, with a refined structure and delicate finish, embodying the serenity after the storm. &nbsp; Composition: 43% Pinot [&hellip;]","og_url":"https:\/\/www.amvyx.gr\/en\/product\/moet-chandon-grand-vintage-rose-2016\/","og_site_name":"Amvyx","og_image":[{"width":310,"height":375,"url":"https:\/\/www.amvyx.gr\/wp-content\/uploads\/MOET-R-2016-SMALL.jpg","type":"image\/jpeg"}],"twitter_card":"summary_large_image","twitter_misc":{"Est. reading time":"1 minute"},"schema":{"@context":"https:\/\/schema.org","@graph":[{"@type":"WebPage","@id":"https:\/\/www.amvyx.gr\/en\/product\/moet-chandon-grand-vintage-rose-2016\/","url":"https:\/\/www.amvyx.gr\/en\/product\/moet-chandon-grand-vintage-rose-2016\/","name":"Mo\u00ebt & Chandon Grand Vintage Ros\u00e9 2016 - Amvyx","isPartOf":{"@id":"http:\/\/www.amvyx.gr\/#website"},"primaryImageOfPage":{"@id":"https:\/\/www.amvyx.gr\/en\/product\/moet-chandon-grand-vintage-rose-2016\/#primaryimage"},"image":{"@id":"https:\/\/www.amvyx.gr\/en\/product\/moet-chandon-grand-vintage-rose-2016\/#primaryimage"},"thumbnailUrl":"https:\/\/www.amvyx.gr\/wp-content\/uploads\/MOET-R-2016-SMALL.jpg","datePublished":"2025-09-23T11:35:59+00:00","dateModified":"2025-09-23T11:35:59+00:00","breadcrumb":{"@id":"https:\/\/www.amvyx.gr\/en\/product\/moet-chandon-grand-vintage-rose-2016\/#breadcrumb"},"inLanguage":"en-US","potentialAction":[{"@type":"ReadAction","target":["https:\/\/www.amvyx.gr\/en\/product\/moet-chandon-grand-vintage-rose-2016\/"]}]},{"@type":"ImageObject","inLanguage":"en-US","@id":"https:\/\/www.amvyx.gr\/en\/product\/moet-chandon-grand-vintage-rose-2016\/#primaryimage","url":"https:\/\/www.amvyx.gr\/wp-content\/uploads\/MOET-R-2016-SMALL.jpg","contentUrl":"https:\/\/www.amvyx.gr\/wp-content\/uploads\/MOET-R-2016-SMALL.jpg","width":310,"height":375},{"@type":"BreadcrumbList","@id":"https:\/\/www.amvyx.gr\/en\/product\/moet-chandon-grand-vintage-rose-2016\/#breadcrumb","itemListElement":[{"@type":"ListItem","position":1,"name":"HOME","item":"http:\/\/www.amvyx.gr\/en\/"},{"@type":"ListItem","position":2,"name":"PRODUCTS","item":"http:\/\/www.amvyx.gr\/en\/product\/"},{"@type":"ListItem","position":3,"name":"CHAMPAGNE","item":"https:\/\/www.amvyx.gr\/en\/product-categories\/champagne-2\/"},{"@type":"ListItem","position":4,"name":"MO\u00cbT &#038; CHANDON GRAND VINTAGE ROS\u00c9 2016"}]},{"@type":"WebSite","@id":"http:\/\/www.amvyx.gr\/#website","url":"http:\/\/www.amvyx.gr\/","name":"Amvyx","description":"","potentialAction":[{"@type":"SearchAction","target":{"@type":"EntryPoint","urlTemplate":"http:\/\/www.amvyx.gr\/?s={search_term_string}"},"query-input":"required name=search_term_string"}],"inLanguage":"en-US"}]}},"_links":{"self":[{"href":"https:\/\/www.amvyx.gr\/en\/wp-json\/wp\/v2\/product\/23132"}],"collection":[{"href":"https:\/\/www.amvyx.gr\/en\/wp-json\/wp\/v2\/product"}],"about":[{"href":"https:\/\/www.amvyx.gr\/en\/wp-json\/wp\/v2\/types\/product"}],"wp:featuredmedia":[{"embeddable":true,"href":"https:\/\/www.amvyx.gr\/en\/wp-json\/wp\/v2\/media\/23125"}],"wp:attachment":[{"href":"https:\/\/www.amvyx.gr\/en\/wp-json\/wp\/v2\/media?parent=23132"}],"wp:term":[{"taxonomy":"product-categories","embeddable":true,"href":"https:\/\/www.amvyx.gr\/en\/wp-json\/wp\/v2\/product-categories?post=23132"}],"curies":[{"name":"wp","href":"https:\/\/api.w.org\/{rel}","templated":true}]}}