{"id":3640,"date":"2017-01-10T08:38:29","date_gmt":"2017-01-10T08:38:29","guid":{"rendered":"https:\/\/www.amvyx.gr\/product\/ruinart-blanc-de-blancs\/"},"modified":"2025-10-10T12:34:50","modified_gmt":"2025-10-10T12:34:50","slug":"ruinart-blanc-de-blancs","status":"publish","type":"product","link":"https:\/\/www.amvyx.gr\/en\/product\/ruinart-blanc-de-blancs\/","title":{"rendered":"Ruinart Blanc de Blancs"},"content":{"rendered":"<div class=\"ewa-rteLine\">The emblematic expression of the Maison, Ruinart Blanc de Blancs is crafted exclusively from Chardonnay grapes sourced from 25 to 30 crus in the C\u00f4te des Blancs, Montagne de Reims, S\u00e9zannais, and La Vall\u00e9e de la Vesle. Radiant and refined, it captures the purity and freshness that define Ruinart\u2019s timeless style.<\/div>\r\n<div class=\"ewa-rteLine\">Composition: 100% Chardonnay.<\/div>\r\n<div class=\"ewa-rteLine\">Tasting Notes: The nose reveals fresh aromas of ripe lemon, juicy pear, and freshly picked peach, followed by floral notes of white flowers and jasmine with hints of ginger and pink peppercorn. On the palate, it strikes a perfect balance between tension and roundness, offering fresh citrus and tropical fruit with a long, delicate finish.<\/div>","protected":false},"featured_media":23202,"template":"","product-categories":[157],"acf":[],"yoast_head":"<!-- This site is optimized with the Yoast SEO plugin v22.9 - https:\/\/yoast.com\/wordpress\/plugins\/seo\/ -->\n<title>Ruinart Blanc de Blancs - Amvyx<\/title>\n<meta name=\"robots\" content=\"index, follow, max-snippet:-1, max-image-preview:large, max-video-preview:-1\" \/>\n<link rel=\"canonical\" href=\"https:\/\/www.amvyx.gr\/en\/product\/ruinart-blanc-de-blancs\/\" \/>\n<meta property=\"og:locale\" content=\"en_US\" \/>\n<meta property=\"og:type\" content=\"article\" \/>\n<meta property=\"og:title\" content=\"Ruinart Blanc de Blancs - Amvyx\" \/>\n<meta property=\"og:description\" content=\"The emblematic expression of the Maison, Ruinart Blanc de Blancs is crafted exclusively from Chardonnay grapes sourced from 25 to 30 crus in the C\u00f4te des Blancs, Montagne de Reims, S\u00e9zannais, and La Vall\u00e9e de la Vesle. Radiant and refined, it captures the purity and freshness that define Ruinart\u2019s timeless style. Composition: 100% Chardonnay. Tasting [&hellip;]\" \/>\n<meta property=\"og:url\" content=\"https:\/\/www.amvyx.gr\/en\/product\/ruinart-blanc-de-blancs\/\" \/>\n<meta property=\"og:site_name\" content=\"Amvyx\" \/>\n<meta property=\"article:modified_time\" content=\"2025-10-10T12:34:50+00:00\" \/>\n<meta property=\"og:image\" content=\"https:\/\/www.amvyx.gr\/wp-content\/uploads\/RUINART-BLANC-DE-BLANCS-SMALL.jpg\" \/>\n\t<meta property=\"og:image:width\" content=\"310\" \/>\n\t<meta property=\"og:image:height\" content=\"375\" \/>\n\t<meta property=\"og:image:type\" content=\"image\/jpeg\" \/>\n<meta name=\"twitter:card\" content=\"summary_large_image\" \/>\n<meta name=\"twitter:label1\" content=\"Est. reading time\" \/>\n\t<meta name=\"twitter:data1\" content=\"1 minute\" \/>\n<script type=\"application\/ld+json\" class=\"yoast-schema-graph\">{\"@context\":\"https:\/\/schema.org\",\"@graph\":[{\"@type\":\"WebPage\",\"@id\":\"https:\/\/www.amvyx.gr\/en\/product\/ruinart-blanc-de-blancs\/\",\"url\":\"https:\/\/www.amvyx.gr\/en\/product\/ruinart-blanc-de-blancs\/\",\"name\":\"Ruinart Blanc de Blancs - Amvyx\",\"isPartOf\":{\"@id\":\"http:\/\/www.amvyx.gr\/#website\"},\"primaryImageOfPage\":{\"@id\":\"https:\/\/www.amvyx.gr\/en\/product\/ruinart-blanc-de-blancs\/#primaryimage\"},\"image\":{\"@id\":\"https:\/\/www.amvyx.gr\/en\/product\/ruinart-blanc-de-blancs\/#primaryimage\"},\"thumbnailUrl\":\"https:\/\/www.amvyx.gr\/wp-content\/uploads\/RUINART-BLANC-DE-BLANCS-SMALL.jpg\",\"datePublished\":\"2017-01-10T08:38:29+00:00\",\"dateModified\":\"2025-10-10T12:34:50+00:00\",\"breadcrumb\":{\"@id\":\"https:\/\/www.amvyx.gr\/en\/product\/ruinart-blanc-de-blancs\/#breadcrumb\"},\"inLanguage\":\"en-US\",\"potentialAction\":[{\"@type\":\"ReadAction\",\"target\":[\"https:\/\/www.amvyx.gr\/en\/product\/ruinart-blanc-de-blancs\/\"]}]},{\"@type\":\"ImageObject\",\"inLanguage\":\"en-US\",\"@id\":\"https:\/\/www.amvyx.gr\/en\/product\/ruinart-blanc-de-blancs\/#primaryimage\",\"url\":\"https:\/\/www.amvyx.gr\/wp-content\/uploads\/RUINART-BLANC-DE-BLANCS-SMALL.jpg\",\"contentUrl\":\"https:\/\/www.amvyx.gr\/wp-content\/uploads\/RUINART-BLANC-DE-BLANCS-SMALL.jpg\",\"width\":310,\"height\":375},{\"@type\":\"BreadcrumbList\",\"@id\":\"https:\/\/www.amvyx.gr\/en\/product\/ruinart-blanc-de-blancs\/#breadcrumb\",\"itemListElement\":[{\"@type\":\"ListItem\",\"position\":1,\"name\":\"HOME\",\"item\":\"http:\/\/www.amvyx.gr\/en\/\"},{\"@type\":\"ListItem\",\"position\":2,\"name\":\"PRODUCTS\",\"item\":\"http:\/\/www.amvyx.gr\/en\/product\/\"},{\"@type\":\"ListItem\",\"position\":3,\"name\":\"CHAMPAGNE\",\"item\":\"https:\/\/www.amvyx.gr\/en\/product-categories\/champagne-2\/\"},{\"@type\":\"ListItem\",\"position\":4,\"name\":\"RUINART BLANC DE BLANCS\"}]},{\"@type\":\"WebSite\",\"@id\":\"http:\/\/www.amvyx.gr\/#website\",\"url\":\"http:\/\/www.amvyx.gr\/\",\"name\":\"Amvyx\",\"description\":\"\",\"potentialAction\":[{\"@type\":\"SearchAction\",\"target\":{\"@type\":\"EntryPoint\",\"urlTemplate\":\"http:\/\/www.amvyx.gr\/?s={search_term_string}\"},\"query-input\":\"required name=search_term_string\"}],\"inLanguage\":\"en-US\"}]}<\/script>\n<!-- \/ Yoast SEO plugin. -->","yoast_head_json":{"title":"Ruinart Blanc de Blancs - Amvyx","robots":{"index":"index","follow":"follow","max-snippet":"max-snippet:-1","max-image-preview":"max-image-preview:large","max-video-preview":"max-video-preview:-1"},"canonical":"https:\/\/www.amvyx.gr\/en\/product\/ruinart-blanc-de-blancs\/","og_locale":"en_US","og_type":"article","og_title":"Ruinart Blanc de Blancs - Amvyx","og_description":"The emblematic expression of the Maison, Ruinart Blanc de Blancs is crafted exclusively from Chardonnay grapes sourced from 25 to 30 crus in the C\u00f4te des Blancs, Montagne de Reims, S\u00e9zannais, and La Vall\u00e9e de la Vesle. Radiant and refined, it captures the purity and freshness that define Ruinart\u2019s timeless style. Composition: 100% Chardonnay. Tasting [&hellip;]","og_url":"https:\/\/www.amvyx.gr\/en\/product\/ruinart-blanc-de-blancs\/","og_site_name":"Amvyx","article_modified_time":"2025-10-10T12:34:50+00:00","og_image":[{"width":310,"height":375,"url":"https:\/\/www.amvyx.gr\/wp-content\/uploads\/RUINART-BLANC-DE-BLANCS-SMALL.jpg","type":"image\/jpeg"}],"twitter_card":"summary_large_image","twitter_misc":{"Est. reading time":"1 minute"},"schema":{"@context":"https:\/\/schema.org","@graph":[{"@type":"WebPage","@id":"https:\/\/www.amvyx.gr\/en\/product\/ruinart-blanc-de-blancs\/","url":"https:\/\/www.amvyx.gr\/en\/product\/ruinart-blanc-de-blancs\/","name":"Ruinart Blanc de Blancs - Amvyx","isPartOf":{"@id":"http:\/\/www.amvyx.gr\/#website"},"primaryImageOfPage":{"@id":"https:\/\/www.amvyx.gr\/en\/product\/ruinart-blanc-de-blancs\/#primaryimage"},"image":{"@id":"https:\/\/www.amvyx.gr\/en\/product\/ruinart-blanc-de-blancs\/#primaryimage"},"thumbnailUrl":"https:\/\/www.amvyx.gr\/wp-content\/uploads\/RUINART-BLANC-DE-BLANCS-SMALL.jpg","datePublished":"2017-01-10T08:38:29+00:00","dateModified":"2025-10-10T12:34:50+00:00","breadcrumb":{"@id":"https:\/\/www.amvyx.gr\/en\/product\/ruinart-blanc-de-blancs\/#breadcrumb"},"inLanguage":"en-US","potentialAction":[{"@type":"ReadAction","target":["https:\/\/www.amvyx.gr\/en\/product\/ruinart-blanc-de-blancs\/"]}]},{"@type":"ImageObject","inLanguage":"en-US","@id":"https:\/\/www.amvyx.gr\/en\/product\/ruinart-blanc-de-blancs\/#primaryimage","url":"https:\/\/www.amvyx.gr\/wp-content\/uploads\/RUINART-BLANC-DE-BLANCS-SMALL.jpg","contentUrl":"https:\/\/www.amvyx.gr\/wp-content\/uploads\/RUINART-BLANC-DE-BLANCS-SMALL.jpg","width":310,"height":375},{"@type":"BreadcrumbList","@id":"https:\/\/www.amvyx.gr\/en\/product\/ruinart-blanc-de-blancs\/#breadcrumb","itemListElement":[{"@type":"ListItem","position":1,"name":"HOME","item":"http:\/\/www.amvyx.gr\/en\/"},{"@type":"ListItem","position":2,"name":"PRODUCTS","item":"http:\/\/www.amvyx.gr\/en\/product\/"},{"@type":"ListItem","position":3,"name":"CHAMPAGNE","item":"https:\/\/www.amvyx.gr\/en\/product-categories\/champagne-2\/"},{"@type":"ListItem","position":4,"name":"RUINART BLANC DE BLANCS"}]},{"@type":"WebSite","@id":"http:\/\/www.amvyx.gr\/#website","url":"http:\/\/www.amvyx.gr\/","name":"Amvyx","description":"","potentialAction":[{"@type":"SearchAction","target":{"@type":"EntryPoint","urlTemplate":"http:\/\/www.amvyx.gr\/?s={search_term_string}"},"query-input":"required name=search_term_string"}],"inLanguage":"en-US"}]}},"_links":{"self":[{"href":"https:\/\/www.amvyx.gr\/en\/wp-json\/wp\/v2\/product\/3640"}],"collection":[{"href":"https:\/\/www.amvyx.gr\/en\/wp-json\/wp\/v2\/product"}],"about":[{"href":"https:\/\/www.amvyx.gr\/en\/wp-json\/wp\/v2\/types\/product"}],"wp:featuredmedia":[{"embeddable":true,"href":"https:\/\/www.amvyx.gr\/en\/wp-json\/wp\/v2\/media\/23202"}],"wp:attachment":[{"href":"https:\/\/www.amvyx.gr\/en\/wp-json\/wp\/v2\/media?parent=3640"}],"wp:term":[{"taxonomy":"product-categories","embeddable":true,"href":"https:\/\/www.amvyx.gr\/en\/wp-json\/wp\/v2\/product-categories?post=3640"}],"curies":[{"name":"wp","href":"https:\/\/api.w.org\/{rel}","templated":true}]}}