{"id":3641,"date":"2017-01-10T08:40:07","date_gmt":"2017-01-10T08:40:07","guid":{"rendered":"https:\/\/www.amvyx.gr\/product\/ruinart-rose\/"},"modified":"2025-10-10T12:39:49","modified_gmt":"2025-10-10T12:39:49","slug":"ruinart-rose","status":"publish","type":"product","link":"https:\/\/www.amvyx.gr\/en\/product\/ruinart-rose\/","title":{"rendered":"Ruinart Ros\u00e9"},"content":{"rendered":"<div class=\"ewa-rteLine\">The Maison\u2019s elegant ros\u00e9 cuv\u00e9e, Ruinart Ros\u00e9, balances aromatic freshness with generous roundness and a delicately subtle structure, achieving surprising harmony.<\/div>\r\n<div class=\"ewa-rteLine\">Composition: 45% Chardonnay (from C\u00f4te des Blancs &amp; Montagne de Reims), 43% Pinot Noir vinified as white, and 12% Pinot Noir vinified as red; with a blend drawn from 40\u201350 crus including 20\u201330% reserve wines.<\/div>\r\n<div class=\"ewa-rteLine\">\u00a0<\/div>\r\n<div class=\"ewa-rteLine\">Tasting Notes: Colour reveals coral and rosewood hues. On the nose, intense aromas of tropical fruit (pomegranate, lychee, guava) are complemented by floral essences of rose and fresh red berries, then hints of warm spices like tonka bean and nutmeg. On the palate, freshness is combined with a refined structure and delicate roundness, finishing with notes of pink grapefruit and peppermint.<\/div>","protected":false},"featured_media":23210,"template":"","product-categories":[157],"acf":[],"yoast_head":"<!-- This site is optimized with the Yoast SEO plugin v22.9 - https:\/\/yoast.com\/wordpress\/plugins\/seo\/ -->\n<title>Ruinart Ros\u00e9 - Amvyx<\/title>\n<meta name=\"robots\" content=\"index, follow, max-snippet:-1, max-image-preview:large, max-video-preview:-1\" \/>\n<link rel=\"canonical\" href=\"https:\/\/www.amvyx.gr\/en\/product\/ruinart-rose\/\" \/>\n<meta property=\"og:locale\" content=\"en_US\" \/>\n<meta property=\"og:type\" content=\"article\" \/>\n<meta property=\"og:title\" content=\"Ruinart Ros\u00e9 - Amvyx\" \/>\n<meta property=\"og:description\" content=\"The Maison\u2019s elegant ros\u00e9 cuv\u00e9e, Ruinart Ros\u00e9, balances aromatic freshness with generous roundness and a delicately subtle structure, achieving surprising harmony. Composition: 45% Chardonnay (from C\u00f4te des Blancs &amp; Montagne de Reims), 43% Pinot Noir vinified as white, and 12% Pinot Noir vinified as red; with a blend drawn from 40\u201350 crus including 20\u201330% reserve [&hellip;]\" \/>\n<meta property=\"og:url\" content=\"https:\/\/www.amvyx.gr\/en\/product\/ruinart-rose\/\" \/>\n<meta property=\"og:site_name\" content=\"Amvyx\" \/>\n<meta property=\"article:modified_time\" content=\"2025-10-10T12:39:49+00:00\" \/>\n<meta property=\"og:image\" content=\"https:\/\/www.amvyx.gr\/wp-content\/uploads\/RUINART-ROSE-SMALL.jpg\" \/>\n\t<meta property=\"og:image:width\" content=\"310\" \/>\n\t<meta property=\"og:image:height\" content=\"375\" \/>\n\t<meta property=\"og:image:type\" content=\"image\/jpeg\" \/>\n<meta name=\"twitter:card\" content=\"summary_large_image\" \/>\n<meta name=\"twitter:label1\" content=\"Est. reading time\" \/>\n\t<meta name=\"twitter:data1\" content=\"1 minute\" \/>\n<script type=\"application\/ld+json\" class=\"yoast-schema-graph\">{\"@context\":\"https:\/\/schema.org\",\"@graph\":[{\"@type\":\"WebPage\",\"@id\":\"https:\/\/www.amvyx.gr\/en\/product\/ruinart-rose\/\",\"url\":\"https:\/\/www.amvyx.gr\/en\/product\/ruinart-rose\/\",\"name\":\"Ruinart Ros\u00e9 - Amvyx\",\"isPartOf\":{\"@id\":\"http:\/\/www.amvyx.gr\/#website\"},\"primaryImageOfPage\":{\"@id\":\"https:\/\/www.amvyx.gr\/en\/product\/ruinart-rose\/#primaryimage\"},\"image\":{\"@id\":\"https:\/\/www.amvyx.gr\/en\/product\/ruinart-rose\/#primaryimage\"},\"thumbnailUrl\":\"https:\/\/www.amvyx.gr\/wp-content\/uploads\/RUINART-ROSE-SMALL.jpg\",\"datePublished\":\"2017-01-10T08:40:07+00:00\",\"dateModified\":\"2025-10-10T12:39:49+00:00\",\"breadcrumb\":{\"@id\":\"https:\/\/www.amvyx.gr\/en\/product\/ruinart-rose\/#breadcrumb\"},\"inLanguage\":\"en-US\",\"potentialAction\":[{\"@type\":\"ReadAction\",\"target\":[\"https:\/\/www.amvyx.gr\/en\/product\/ruinart-rose\/\"]}]},{\"@type\":\"ImageObject\",\"inLanguage\":\"en-US\",\"@id\":\"https:\/\/www.amvyx.gr\/en\/product\/ruinart-rose\/#primaryimage\",\"url\":\"https:\/\/www.amvyx.gr\/wp-content\/uploads\/RUINART-ROSE-SMALL.jpg\",\"contentUrl\":\"https:\/\/www.amvyx.gr\/wp-content\/uploads\/RUINART-ROSE-SMALL.jpg\",\"width\":310,\"height\":375},{\"@type\":\"BreadcrumbList\",\"@id\":\"https:\/\/www.amvyx.gr\/en\/product\/ruinart-rose\/#breadcrumb\",\"itemListElement\":[{\"@type\":\"ListItem\",\"position\":1,\"name\":\"HOME\",\"item\":\"http:\/\/www.amvyx.gr\/en\/\"},{\"@type\":\"ListItem\",\"position\":2,\"name\":\"PRODUCTS\",\"item\":\"http:\/\/www.amvyx.gr\/en\/product\/\"},{\"@type\":\"ListItem\",\"position\":3,\"name\":\"CHAMPAGNE\",\"item\":\"https:\/\/www.amvyx.gr\/en\/product-categories\/champagne-2\/\"},{\"@type\":\"ListItem\",\"position\":4,\"name\":\"RUINART ROS\u00c9\"}]},{\"@type\":\"WebSite\",\"@id\":\"http:\/\/www.amvyx.gr\/#website\",\"url\":\"http:\/\/www.amvyx.gr\/\",\"name\":\"Amvyx\",\"description\":\"\",\"potentialAction\":[{\"@type\":\"SearchAction\",\"target\":{\"@type\":\"EntryPoint\",\"urlTemplate\":\"http:\/\/www.amvyx.gr\/?s={search_term_string}\"},\"query-input\":\"required name=search_term_string\"}],\"inLanguage\":\"en-US\"}]}<\/script>\n<!-- \/ Yoast SEO plugin. -->","yoast_head_json":{"title":"Ruinart Ros\u00e9 - Amvyx","robots":{"index":"index","follow":"follow","max-snippet":"max-snippet:-1","max-image-preview":"max-image-preview:large","max-video-preview":"max-video-preview:-1"},"canonical":"https:\/\/www.amvyx.gr\/en\/product\/ruinart-rose\/","og_locale":"en_US","og_type":"article","og_title":"Ruinart Ros\u00e9 - Amvyx","og_description":"The Maison\u2019s elegant ros\u00e9 cuv\u00e9e, Ruinart Ros\u00e9, balances aromatic freshness with generous roundness and a delicately subtle structure, achieving surprising harmony. Composition: 45% Chardonnay (from C\u00f4te des Blancs &amp; Montagne de Reims), 43% Pinot Noir vinified as white, and 12% Pinot Noir vinified as red; with a blend drawn from 40\u201350 crus including 20\u201330% reserve [&hellip;]","og_url":"https:\/\/www.amvyx.gr\/en\/product\/ruinart-rose\/","og_site_name":"Amvyx","article_modified_time":"2025-10-10T12:39:49+00:00","og_image":[{"width":310,"height":375,"url":"https:\/\/www.amvyx.gr\/wp-content\/uploads\/RUINART-ROSE-SMALL.jpg","type":"image\/jpeg"}],"twitter_card":"summary_large_image","twitter_misc":{"Est. reading time":"1 minute"},"schema":{"@context":"https:\/\/schema.org","@graph":[{"@type":"WebPage","@id":"https:\/\/www.amvyx.gr\/en\/product\/ruinart-rose\/","url":"https:\/\/www.amvyx.gr\/en\/product\/ruinart-rose\/","name":"Ruinart Ros\u00e9 - Amvyx","isPartOf":{"@id":"http:\/\/www.amvyx.gr\/#website"},"primaryImageOfPage":{"@id":"https:\/\/www.amvyx.gr\/en\/product\/ruinart-rose\/#primaryimage"},"image":{"@id":"https:\/\/www.amvyx.gr\/en\/product\/ruinart-rose\/#primaryimage"},"thumbnailUrl":"https:\/\/www.amvyx.gr\/wp-content\/uploads\/RUINART-ROSE-SMALL.jpg","datePublished":"2017-01-10T08:40:07+00:00","dateModified":"2025-10-10T12:39:49+00:00","breadcrumb":{"@id":"https:\/\/www.amvyx.gr\/en\/product\/ruinart-rose\/#breadcrumb"},"inLanguage":"en-US","potentialAction":[{"@type":"ReadAction","target":["https:\/\/www.amvyx.gr\/en\/product\/ruinart-rose\/"]}]},{"@type":"ImageObject","inLanguage":"en-US","@id":"https:\/\/www.amvyx.gr\/en\/product\/ruinart-rose\/#primaryimage","url":"https:\/\/www.amvyx.gr\/wp-content\/uploads\/RUINART-ROSE-SMALL.jpg","contentUrl":"https:\/\/www.amvyx.gr\/wp-content\/uploads\/RUINART-ROSE-SMALL.jpg","width":310,"height":375},{"@type":"BreadcrumbList","@id":"https:\/\/www.amvyx.gr\/en\/product\/ruinart-rose\/#breadcrumb","itemListElement":[{"@type":"ListItem","position":1,"name":"HOME","item":"http:\/\/www.amvyx.gr\/en\/"},{"@type":"ListItem","position":2,"name":"PRODUCTS","item":"http:\/\/www.amvyx.gr\/en\/product\/"},{"@type":"ListItem","position":3,"name":"CHAMPAGNE","item":"https:\/\/www.amvyx.gr\/en\/product-categories\/champagne-2\/"},{"@type":"ListItem","position":4,"name":"RUINART ROS\u00c9"}]},{"@type":"WebSite","@id":"http:\/\/www.amvyx.gr\/#website","url":"http:\/\/www.amvyx.gr\/","name":"Amvyx","description":"","potentialAction":[{"@type":"SearchAction","target":{"@type":"EntryPoint","urlTemplate":"http:\/\/www.amvyx.gr\/?s={search_term_string}"},"query-input":"required name=search_term_string"}],"inLanguage":"en-US"}]}},"_links":{"self":[{"href":"https:\/\/www.amvyx.gr\/en\/wp-json\/wp\/v2\/product\/3641"}],"collection":[{"href":"https:\/\/www.amvyx.gr\/en\/wp-json\/wp\/v2\/product"}],"about":[{"href":"https:\/\/www.amvyx.gr\/en\/wp-json\/wp\/v2\/types\/product"}],"wp:featuredmedia":[{"embeddable":true,"href":"https:\/\/www.amvyx.gr\/en\/wp-json\/wp\/v2\/media\/23210"}],"wp:attachment":[{"href":"https:\/\/www.amvyx.gr\/en\/wp-json\/wp\/v2\/media?parent=3641"}],"wp:term":[{"taxonomy":"product-categories","embeddable":true,"href":"https:\/\/www.amvyx.gr\/en\/wp-json\/wp\/v2\/product-categories?post=3641"}],"curies":[{"name":"wp","href":"https:\/\/api.w.org\/{rel}","templated":true}]}}