{"id":3643,"date":"2017-01-09T16:58:06","date_gmt":"2017-01-09T16:58:06","guid":{"rendered":"https:\/\/www.amvyx.gr\/product\/moet-rose\/"},"modified":"2025-09-12T09:46:51","modified_gmt":"2025-09-12T09:46:51","slug":"moet-rose","status":"publish","type":"product","link":"https:\/\/www.amvyx.gr\/en\/product\/moet-rose\/","title":{"rendered":"Mo\u00ebt &#038; Chandon Ros\u00e9 Imp\u00e9rial"},"content":{"rendered":"<p>Spontaneous, radiant and enticing, Moe\u0308t &amp; Chandon Rose\u0301 Impe\u0301rial combines elegance and flair. Pink and juicy with the persistent intensity of red fruits. A style that distinguishes itself by its bright fruitiness, its seductive palate and its elegant maturity. The assemblage reflects the diversity and complementarity of the three grapes varietals :Pinot Noir, Pinot Meunier, Chardonnay of which 20 to 30% from specially selected reserve wines to enhance its intensity, subtlety and constancy.<\/p>","protected":false},"featured_media":23009,"template":"","product-categories":[157],"acf":[],"yoast_head":"<!-- This site is optimized with the Yoast SEO plugin v22.9 - https:\/\/yoast.com\/wordpress\/plugins\/seo\/ -->\n<title>Mo\u00ebt &amp; Chandon Ros\u00e9 Imp\u00e9rial - Amvyx<\/title>\n<meta name=\"robots\" content=\"index, follow, max-snippet:-1, max-image-preview:large, max-video-preview:-1\" \/>\n<link rel=\"canonical\" href=\"https:\/\/www.amvyx.gr\/en\/product\/moet-rose\/\" \/>\n<meta property=\"og:locale\" content=\"en_US\" \/>\n<meta property=\"og:type\" content=\"article\" \/>\n<meta property=\"og:title\" content=\"Mo\u00ebt &amp; Chandon Ros\u00e9 Imp\u00e9rial - Amvyx\" \/>\n<meta property=\"og:description\" content=\"Spontaneous, radiant and enticing, Moe\u0308t &amp; Chandon Rose\u0301 Impe\u0301rial combines elegance and flair. Pink and juicy with the persistent intensity of red fruits. A style that distinguishes itself by its bright fruitiness, its seductive palate and its elegant maturity. The assemblage reflects the diversity and complementarity of the three grapes varietals :Pinot Noir, Pinot Meunier, [&hellip;]\" \/>\n<meta property=\"og:url\" content=\"https:\/\/www.amvyx.gr\/en\/product\/moet-rose\/\" \/>\n<meta property=\"og:site_name\" content=\"Amvyx\" \/>\n<meta property=\"article:modified_time\" content=\"2025-09-12T09:46:51+00:00\" \/>\n<meta property=\"og:image\" content=\"https:\/\/www.amvyx.gr\/wp-content\/uploads\/MOET-BRUT-R-SMALL.jpg\" \/>\n\t<meta property=\"og:image:width\" content=\"310\" \/>\n\t<meta property=\"og:image:height\" content=\"375\" \/>\n\t<meta property=\"og:image:type\" content=\"image\/jpeg\" \/>\n<meta name=\"twitter:card\" content=\"summary_large_image\" \/>\n<meta name=\"twitter:label1\" content=\"Est. reading time\" \/>\n\t<meta name=\"twitter:data1\" content=\"1 minute\" \/>\n<script type=\"application\/ld+json\" class=\"yoast-schema-graph\">{\"@context\":\"https:\/\/schema.org\",\"@graph\":[{\"@type\":\"WebPage\",\"@id\":\"https:\/\/www.amvyx.gr\/en\/product\/moet-rose\/\",\"url\":\"https:\/\/www.amvyx.gr\/en\/product\/moet-rose\/\",\"name\":\"Mo\u00ebt & Chandon Ros\u00e9 Imp\u00e9rial - Amvyx\",\"isPartOf\":{\"@id\":\"http:\/\/www.amvyx.gr\/#website\"},\"primaryImageOfPage\":{\"@id\":\"https:\/\/www.amvyx.gr\/en\/product\/moet-rose\/#primaryimage\"},\"image\":{\"@id\":\"https:\/\/www.amvyx.gr\/en\/product\/moet-rose\/#primaryimage\"},\"thumbnailUrl\":\"https:\/\/www.amvyx.gr\/wp-content\/uploads\/MOET-BRUT-R-SMALL.jpg\",\"datePublished\":\"2017-01-09T16:58:06+00:00\",\"dateModified\":\"2025-09-12T09:46:51+00:00\",\"breadcrumb\":{\"@id\":\"https:\/\/www.amvyx.gr\/en\/product\/moet-rose\/#breadcrumb\"},\"inLanguage\":\"en-US\",\"potentialAction\":[{\"@type\":\"ReadAction\",\"target\":[\"https:\/\/www.amvyx.gr\/en\/product\/moet-rose\/\"]}]},{\"@type\":\"ImageObject\",\"inLanguage\":\"en-US\",\"@id\":\"https:\/\/www.amvyx.gr\/en\/product\/moet-rose\/#primaryimage\",\"url\":\"https:\/\/www.amvyx.gr\/wp-content\/uploads\/MOET-BRUT-R-SMALL.jpg\",\"contentUrl\":\"https:\/\/www.amvyx.gr\/wp-content\/uploads\/MOET-BRUT-R-SMALL.jpg\",\"width\":310,\"height\":375},{\"@type\":\"BreadcrumbList\",\"@id\":\"https:\/\/www.amvyx.gr\/en\/product\/moet-rose\/#breadcrumb\",\"itemListElement\":[{\"@type\":\"ListItem\",\"position\":1,\"name\":\"HOME\",\"item\":\"http:\/\/www.amvyx.gr\/en\/\"},{\"@type\":\"ListItem\",\"position\":2,\"name\":\"PRODUCTS\",\"item\":\"http:\/\/www.amvyx.gr\/en\/product\/\"},{\"@type\":\"ListItem\",\"position\":3,\"name\":\"CHAMPAGNE\",\"item\":\"https:\/\/www.amvyx.gr\/en\/product-categories\/champagne-2\/\"},{\"@type\":\"ListItem\",\"position\":4,\"name\":\"MO\u00cbT &#038; CHANDON ROS\u00c9 IMP\u00c9RIAL\"}]},{\"@type\":\"WebSite\",\"@id\":\"http:\/\/www.amvyx.gr\/#website\",\"url\":\"http:\/\/www.amvyx.gr\/\",\"name\":\"Amvyx\",\"description\":\"\",\"potentialAction\":[{\"@type\":\"SearchAction\",\"target\":{\"@type\":\"EntryPoint\",\"urlTemplate\":\"http:\/\/www.amvyx.gr\/?s={search_term_string}\"},\"query-input\":\"required name=search_term_string\"}],\"inLanguage\":\"en-US\"}]}<\/script>\n<!-- \/ Yoast SEO plugin. -->","yoast_head_json":{"title":"Mo\u00ebt & Chandon Ros\u00e9 Imp\u00e9rial - Amvyx","robots":{"index":"index","follow":"follow","max-snippet":"max-snippet:-1","max-image-preview":"max-image-preview:large","max-video-preview":"max-video-preview:-1"},"canonical":"https:\/\/www.amvyx.gr\/en\/product\/moet-rose\/","og_locale":"en_US","og_type":"article","og_title":"Mo\u00ebt & Chandon Ros\u00e9 Imp\u00e9rial - Amvyx","og_description":"Spontaneous, radiant and enticing, Moe\u0308t &amp; Chandon Rose\u0301 Impe\u0301rial combines elegance and flair. Pink and juicy with the persistent intensity of red fruits. A style that distinguishes itself by its bright fruitiness, its seductive palate and its elegant maturity. The assemblage reflects the diversity and complementarity of the three grapes varietals :Pinot Noir, Pinot Meunier, [&hellip;]","og_url":"https:\/\/www.amvyx.gr\/en\/product\/moet-rose\/","og_site_name":"Amvyx","article_modified_time":"2025-09-12T09:46:51+00:00","og_image":[{"width":310,"height":375,"url":"https:\/\/www.amvyx.gr\/wp-content\/uploads\/MOET-BRUT-R-SMALL.jpg","type":"image\/jpeg"}],"twitter_card":"summary_large_image","twitter_misc":{"Est. reading time":"1 minute"},"schema":{"@context":"https:\/\/schema.org","@graph":[{"@type":"WebPage","@id":"https:\/\/www.amvyx.gr\/en\/product\/moet-rose\/","url":"https:\/\/www.amvyx.gr\/en\/product\/moet-rose\/","name":"Mo\u00ebt & Chandon Ros\u00e9 Imp\u00e9rial - Amvyx","isPartOf":{"@id":"http:\/\/www.amvyx.gr\/#website"},"primaryImageOfPage":{"@id":"https:\/\/www.amvyx.gr\/en\/product\/moet-rose\/#primaryimage"},"image":{"@id":"https:\/\/www.amvyx.gr\/en\/product\/moet-rose\/#primaryimage"},"thumbnailUrl":"https:\/\/www.amvyx.gr\/wp-content\/uploads\/MOET-BRUT-R-SMALL.jpg","datePublished":"2017-01-09T16:58:06+00:00","dateModified":"2025-09-12T09:46:51+00:00","breadcrumb":{"@id":"https:\/\/www.amvyx.gr\/en\/product\/moet-rose\/#breadcrumb"},"inLanguage":"en-US","potentialAction":[{"@type":"ReadAction","target":["https:\/\/www.amvyx.gr\/en\/product\/moet-rose\/"]}]},{"@type":"ImageObject","inLanguage":"en-US","@id":"https:\/\/www.amvyx.gr\/en\/product\/moet-rose\/#primaryimage","url":"https:\/\/www.amvyx.gr\/wp-content\/uploads\/MOET-BRUT-R-SMALL.jpg","contentUrl":"https:\/\/www.amvyx.gr\/wp-content\/uploads\/MOET-BRUT-R-SMALL.jpg","width":310,"height":375},{"@type":"BreadcrumbList","@id":"https:\/\/www.amvyx.gr\/en\/product\/moet-rose\/#breadcrumb","itemListElement":[{"@type":"ListItem","position":1,"name":"HOME","item":"http:\/\/www.amvyx.gr\/en\/"},{"@type":"ListItem","position":2,"name":"PRODUCTS","item":"http:\/\/www.amvyx.gr\/en\/product\/"},{"@type":"ListItem","position":3,"name":"CHAMPAGNE","item":"https:\/\/www.amvyx.gr\/en\/product-categories\/champagne-2\/"},{"@type":"ListItem","position":4,"name":"MO\u00cbT &#038; CHANDON ROS\u00c9 IMP\u00c9RIAL"}]},{"@type":"WebSite","@id":"http:\/\/www.amvyx.gr\/#website","url":"http:\/\/www.amvyx.gr\/","name":"Amvyx","description":"","potentialAction":[{"@type":"SearchAction","target":{"@type":"EntryPoint","urlTemplate":"http:\/\/www.amvyx.gr\/?s={search_term_string}"},"query-input":"required name=search_term_string"}],"inLanguage":"en-US"}]}},"_links":{"self":[{"href":"https:\/\/www.amvyx.gr\/en\/wp-json\/wp\/v2\/product\/3643"}],"collection":[{"href":"https:\/\/www.amvyx.gr\/en\/wp-json\/wp\/v2\/product"}],"about":[{"href":"https:\/\/www.amvyx.gr\/en\/wp-json\/wp\/v2\/types\/product"}],"wp:featuredmedia":[{"embeddable":true,"href":"https:\/\/www.amvyx.gr\/en\/wp-json\/wp\/v2\/media\/23009"}],"wp:attachment":[{"href":"https:\/\/www.amvyx.gr\/en\/wp-json\/wp\/v2\/media?parent=3643"}],"wp:term":[{"taxonomy":"product-categories","embeddable":true,"href":"https:\/\/www.amvyx.gr\/en\/wp-json\/wp\/v2\/product-categories?post=3643"}],"curies":[{"name":"wp","href":"https:\/\/api.w.org\/{rel}","templated":true}]}}