{"id":4934,"date":"2017-05-04T09:48:23","date_gmt":"2017-05-04T09:48:23","guid":{"rendered":"https:\/\/www.amvyx.gr\/product\/dom-ruinart-2\/"},"modified":"2025-10-10T12:44:06","modified_gmt":"2025-10-10T12:44:06","slug":"dom-ruinart-blanc-de-blancs","status":"publish","type":"product","link":"https:\/\/www.amvyx.gr\/en\/product\/dom-ruinart-blanc-de-blancs\/","title":{"rendered":"Dom Ruinart Blanc de Blancs"},"content":{"rendered":"<div class=\"ewa-rteLine\">The prestige vintage cuv\u00e9e of the Maison, Dom Ruinart Blanc de Blancs 2013 captures the exceptional imprint of its year with a late harvest that brings rare freshness and enhanced toasty character through prolonged ageing under cork.<\/div>\r\n<div class=\"ewa-rteLine\">ruinart.com<\/div>\r\n<div class=\"ewa-rteLine\">\u00a0<\/div>\r\n<div class=\"ewa-rteLine\">Composition: 100% Chardonnay from Grands and Premiers Crus: ~ 70% from C\u00f4te des Blancs (Le Mesnil-sur-Oger, Avize, Chouilly, Berg\u00e8res-l\u00e8s-Vertus) and ~ 30% from the Montagne de Reims (Vernezay, Sillery, Taissy, Villers-Marmery).<\/div>\r\n<div class=\"ewa-rteLine\">ruinart.com<\/div>\r\n<div class=\"ewa-rteLine\">\u00a0<\/div>\r\n<div class=\"ewa-rteLine\">Tasting Notes: The colour is an intense golden yellow with green, silvery reflections. On the nose, expect toasty notes, almonds, ripe wheat, pastry undertones, plus intense citrus and juicy fruit aromas, floral touches, mineral chalkiness and a whisper of smokiness. On the palate, the structure is precise and chiselled, suffused with crystalline freshness; citrus leads, supported by lively spicy tones with peppery nuance, and a long, elegant finish.<\/div>","protected":false},"featured_media":23219,"template":"","product-categories":[157],"acf":[],"yoast_head":"<!-- This site is optimized with the Yoast SEO plugin v22.9 - https:\/\/yoast.com\/wordpress\/plugins\/seo\/ -->\n<title>Dom Ruinart Blanc de Blancs - Amvyx<\/title>\n<meta name=\"robots\" content=\"index, follow, max-snippet:-1, max-image-preview:large, max-video-preview:-1\" \/>\n<link rel=\"canonical\" href=\"https:\/\/www.amvyx.gr\/en\/product\/dom-ruinart-blanc-de-blancs\/\" \/>\n<meta property=\"og:locale\" content=\"en_US\" \/>\n<meta property=\"og:type\" content=\"article\" \/>\n<meta property=\"og:title\" content=\"Dom Ruinart Blanc de Blancs - Amvyx\" \/>\n<meta property=\"og:description\" content=\"The prestige vintage cuv\u00e9e of the Maison, Dom Ruinart Blanc de Blancs 2013 captures the exceptional imprint of its year with a late harvest that brings rare freshness and enhanced toasty character through prolonged ageing under cork. ruinart.com \u00a0 Composition: 100% Chardonnay from Grands and Premiers Crus: ~ 70% from C\u00f4te des Blancs (Le Mesnil-sur-Oger, [&hellip;]\" \/>\n<meta property=\"og:url\" content=\"https:\/\/www.amvyx.gr\/en\/product\/dom-ruinart-blanc-de-blancs\/\" \/>\n<meta property=\"og:site_name\" content=\"Amvyx\" \/>\n<meta property=\"article:modified_time\" content=\"2025-10-10T12:44:06+00:00\" \/>\n<meta property=\"og:image\" content=\"https:\/\/www.amvyx.gr\/wp-content\/uploads\/RUINART-BRUT-2013-SMAL.jpg\" \/>\n\t<meta property=\"og:image:width\" content=\"310\" \/>\n\t<meta property=\"og:image:height\" content=\"375\" \/>\n\t<meta property=\"og:image:type\" content=\"image\/jpeg\" \/>\n<meta name=\"twitter:card\" content=\"summary_large_image\" \/>\n<meta name=\"twitter:label1\" content=\"Est. reading time\" \/>\n\t<meta name=\"twitter:data1\" content=\"1 minute\" \/>\n<script type=\"application\/ld+json\" class=\"yoast-schema-graph\">{\"@context\":\"https:\/\/schema.org\",\"@graph\":[{\"@type\":\"WebPage\",\"@id\":\"https:\/\/www.amvyx.gr\/en\/product\/dom-ruinart-blanc-de-blancs\/\",\"url\":\"https:\/\/www.amvyx.gr\/en\/product\/dom-ruinart-blanc-de-blancs\/\",\"name\":\"Dom Ruinart Blanc de Blancs - Amvyx\",\"isPartOf\":{\"@id\":\"http:\/\/www.amvyx.gr\/#website\"},\"primaryImageOfPage\":{\"@id\":\"https:\/\/www.amvyx.gr\/en\/product\/dom-ruinart-blanc-de-blancs\/#primaryimage\"},\"image\":{\"@id\":\"https:\/\/www.amvyx.gr\/en\/product\/dom-ruinart-blanc-de-blancs\/#primaryimage\"},\"thumbnailUrl\":\"https:\/\/www.amvyx.gr\/wp-content\/uploads\/RUINART-BRUT-2013-SMAL.jpg\",\"datePublished\":\"2017-05-04T09:48:23+00:00\",\"dateModified\":\"2025-10-10T12:44:06+00:00\",\"breadcrumb\":{\"@id\":\"https:\/\/www.amvyx.gr\/en\/product\/dom-ruinart-blanc-de-blancs\/#breadcrumb\"},\"inLanguage\":\"en-US\",\"potentialAction\":[{\"@type\":\"ReadAction\",\"target\":[\"https:\/\/www.amvyx.gr\/en\/product\/dom-ruinart-blanc-de-blancs\/\"]}]},{\"@type\":\"ImageObject\",\"inLanguage\":\"en-US\",\"@id\":\"https:\/\/www.amvyx.gr\/en\/product\/dom-ruinart-blanc-de-blancs\/#primaryimage\",\"url\":\"https:\/\/www.amvyx.gr\/wp-content\/uploads\/RUINART-BRUT-2013-SMAL.jpg\",\"contentUrl\":\"https:\/\/www.amvyx.gr\/wp-content\/uploads\/RUINART-BRUT-2013-SMAL.jpg\",\"width\":310,\"height\":375},{\"@type\":\"BreadcrumbList\",\"@id\":\"https:\/\/www.amvyx.gr\/en\/product\/dom-ruinart-blanc-de-blancs\/#breadcrumb\",\"itemListElement\":[{\"@type\":\"ListItem\",\"position\":1,\"name\":\"HOME\",\"item\":\"http:\/\/www.amvyx.gr\/en\/\"},{\"@type\":\"ListItem\",\"position\":2,\"name\":\"PRODUCTS\",\"item\":\"http:\/\/www.amvyx.gr\/en\/product\/\"},{\"@type\":\"ListItem\",\"position\":3,\"name\":\"CHAMPAGNE\",\"item\":\"https:\/\/www.amvyx.gr\/en\/product-categories\/champagne-2\/\"},{\"@type\":\"ListItem\",\"position\":4,\"name\":\"DOM RUINART BLANC DE BLANCS\"}]},{\"@type\":\"WebSite\",\"@id\":\"http:\/\/www.amvyx.gr\/#website\",\"url\":\"http:\/\/www.amvyx.gr\/\",\"name\":\"Amvyx\",\"description\":\"\",\"potentialAction\":[{\"@type\":\"SearchAction\",\"target\":{\"@type\":\"EntryPoint\",\"urlTemplate\":\"http:\/\/www.amvyx.gr\/?s={search_term_string}\"},\"query-input\":\"required name=search_term_string\"}],\"inLanguage\":\"en-US\"}]}<\/script>\n<!-- \/ Yoast SEO plugin. -->","yoast_head_json":{"title":"Dom Ruinart Blanc de Blancs - Amvyx","robots":{"index":"index","follow":"follow","max-snippet":"max-snippet:-1","max-image-preview":"max-image-preview:large","max-video-preview":"max-video-preview:-1"},"canonical":"https:\/\/www.amvyx.gr\/en\/product\/dom-ruinart-blanc-de-blancs\/","og_locale":"en_US","og_type":"article","og_title":"Dom Ruinart Blanc de Blancs - Amvyx","og_description":"The prestige vintage cuv\u00e9e of the Maison, Dom Ruinart Blanc de Blancs 2013 captures the exceptional imprint of its year with a late harvest that brings rare freshness and enhanced toasty character through prolonged ageing under cork. ruinart.com \u00a0 Composition: 100% Chardonnay from Grands and Premiers Crus: ~ 70% from C\u00f4te des Blancs (Le Mesnil-sur-Oger, [&hellip;]","og_url":"https:\/\/www.amvyx.gr\/en\/product\/dom-ruinart-blanc-de-blancs\/","og_site_name":"Amvyx","article_modified_time":"2025-10-10T12:44:06+00:00","og_image":[{"width":310,"height":375,"url":"https:\/\/www.amvyx.gr\/wp-content\/uploads\/RUINART-BRUT-2013-SMAL.jpg","type":"image\/jpeg"}],"twitter_card":"summary_large_image","twitter_misc":{"Est. reading time":"1 minute"},"schema":{"@context":"https:\/\/schema.org","@graph":[{"@type":"WebPage","@id":"https:\/\/www.amvyx.gr\/en\/product\/dom-ruinart-blanc-de-blancs\/","url":"https:\/\/www.amvyx.gr\/en\/product\/dom-ruinart-blanc-de-blancs\/","name":"Dom Ruinart Blanc de Blancs - Amvyx","isPartOf":{"@id":"http:\/\/www.amvyx.gr\/#website"},"primaryImageOfPage":{"@id":"https:\/\/www.amvyx.gr\/en\/product\/dom-ruinart-blanc-de-blancs\/#primaryimage"},"image":{"@id":"https:\/\/www.amvyx.gr\/en\/product\/dom-ruinart-blanc-de-blancs\/#primaryimage"},"thumbnailUrl":"https:\/\/www.amvyx.gr\/wp-content\/uploads\/RUINART-BRUT-2013-SMAL.jpg","datePublished":"2017-05-04T09:48:23+00:00","dateModified":"2025-10-10T12:44:06+00:00","breadcrumb":{"@id":"https:\/\/www.amvyx.gr\/en\/product\/dom-ruinart-blanc-de-blancs\/#breadcrumb"},"inLanguage":"en-US","potentialAction":[{"@type":"ReadAction","target":["https:\/\/www.amvyx.gr\/en\/product\/dom-ruinart-blanc-de-blancs\/"]}]},{"@type":"ImageObject","inLanguage":"en-US","@id":"https:\/\/www.amvyx.gr\/en\/product\/dom-ruinart-blanc-de-blancs\/#primaryimage","url":"https:\/\/www.amvyx.gr\/wp-content\/uploads\/RUINART-BRUT-2013-SMAL.jpg","contentUrl":"https:\/\/www.amvyx.gr\/wp-content\/uploads\/RUINART-BRUT-2013-SMAL.jpg","width":310,"height":375},{"@type":"BreadcrumbList","@id":"https:\/\/www.amvyx.gr\/en\/product\/dom-ruinart-blanc-de-blancs\/#breadcrumb","itemListElement":[{"@type":"ListItem","position":1,"name":"HOME","item":"http:\/\/www.amvyx.gr\/en\/"},{"@type":"ListItem","position":2,"name":"PRODUCTS","item":"http:\/\/www.amvyx.gr\/en\/product\/"},{"@type":"ListItem","position":3,"name":"CHAMPAGNE","item":"https:\/\/www.amvyx.gr\/en\/product-categories\/champagne-2\/"},{"@type":"ListItem","position":4,"name":"DOM RUINART BLANC DE BLANCS"}]},{"@type":"WebSite","@id":"http:\/\/www.amvyx.gr\/#website","url":"http:\/\/www.amvyx.gr\/","name":"Amvyx","description":"","potentialAction":[{"@type":"SearchAction","target":{"@type":"EntryPoint","urlTemplate":"http:\/\/www.amvyx.gr\/?s={search_term_string}"},"query-input":"required name=search_term_string"}],"inLanguage":"en-US"}]}},"_links":{"self":[{"href":"https:\/\/www.amvyx.gr\/en\/wp-json\/wp\/v2\/product\/4934"}],"collection":[{"href":"https:\/\/www.amvyx.gr\/en\/wp-json\/wp\/v2\/product"}],"about":[{"href":"https:\/\/www.amvyx.gr\/en\/wp-json\/wp\/v2\/types\/product"}],"wp:featuredmedia":[{"embeddable":true,"href":"https:\/\/www.amvyx.gr\/en\/wp-json\/wp\/v2\/media\/23219"}],"wp:attachment":[{"href":"https:\/\/www.amvyx.gr\/en\/wp-json\/wp\/v2\/media?parent=4934"}],"wp:term":[{"taxonomy":"product-categories","embeddable":true,"href":"https:\/\/www.amvyx.gr\/en\/wp-json\/wp\/v2\/product-categories?post=4934"}],"curies":[{"name":"wp","href":"https:\/\/api.w.org\/{rel}","templated":true}]}}